{"id":3158,"date":"2022-09-23T06:16:37","date_gmt":"2022-09-23T03:16:37","guid":{"rendered":"https:\/\/ikarfactory.eu\/?page_id=3158"},"modified":"2023-09-13T17:03:42","modified_gmt":"2023-09-13T14:03:42","slug":"inversion-de-la-ue","status":"publish","type":"page","link":"https:\/\/ikarfactory.eu\/es\/inversion-de-la-ue\/","title":{"rendered":"Inversi\u00f3n de la UE"},"content":{"rendered":"\n<figure class=\"wp-block-image size-large\"><img decoding=\"async\" width=\"1024\" height=\"323\" src=\"https:\/\/ikarfactory.eu\/wp-content\/uploads\/2023\/01\/eu_logo-1024x323.png\" alt=\"\" class=\"wp-image-1069\" srcset=\"https:\/\/ikarfactory.eu\/wp-content\/uploads\/2023\/01\/eu_logo-1024x323.png 1024w, https:\/\/ikarfactory.eu\/wp-content\/uploads\/2023\/01\/eu_logo-300x95.png 300w, https:\/\/ikarfactory.eu\/wp-content\/uploads\/2023\/01\/eu_logo-768x243.png 768w, https:\/\/ikarfactory.eu\/wp-content\/uploads\/2023\/01\/eu_logo-1536x485.png 1536w, https:\/\/ikarfactory.eu\/wp-content\/uploads\/2023\/01\/eu_logo-2048x647.png 2048w, https:\/\/ikarfactory.eu\/wp-content\/uploads\/2023\/01\/eu_logo-204x64.png 204w, https:\/\/ikarfactory.eu\/wp-content\/uploads\/2023\/01\/eu_logo-546x172.png 546w, https:\/\/ikarfactory.eu\/wp-content\/uploads\/2023\/01\/eu_logo-109x34.png 109w\" sizes=\"(max-width: 1024px) 100vw, 1024px\" \/><\/figure>\n\n\n\n<p><strong>Ikarai, UAB est\u00e1 implementando un proyecto financiado en parte por la Uni\u00f3n Europea<\/strong><\/p>\n\n\n\n<p>Actualmente Ikarai, UAB est\u00e1 implementando el proyecto \u201cImplementaci\u00f3n de soluciones de comercio electr\u00f3nico para una gesti\u00f3n m\u00e1s eficiente de los procesos empresariales\u201d n\u00ba 13.1.1-LVPA-K-861-01-1051 financiado por la Uni\u00f3n Europea (en adelante, el Proyecto). Ikarai, UAB es un productor moderno de primera clase de fertilizantes l\u00edquidos. Las tecnolog\u00edas de IKAR son fertilizantes l\u00edquidos eficientes y \u00fanicos, uno de los mejores equipos de t\u00e9cnicos agr\u00edcolas y soluciones tecnol\u00f3gicas profesionales. En respuesta a la pandemia de COVID-19 y planificando la expansi\u00f3n de la compa\u00f1\u00eda, se decidi\u00f3 iniciar una transformaci\u00f3n digital de la misma, desarrollar una tienda online e implementar integraciones con soluciones electr\u00f3nicas ya existentes. Cabe destacar que, antes de iniciar el proyecto, la empresa ten\u00eda una soluciones electr\u00f3nicas ilimitadas y la mayor\u00eda de los procesos se gestionaban manualmente. Instalar una tienda online nueva con soluciones integradas ahorrar\u00e1 hasta un 40% en costes y tiempo invertido por la empresa en trabajo no automatizado, acelerando los procesos empresariales normales y logrando una mayor productividad.<\/p>\n\n\n\n<p>El valor total del proyecto es de 57.200 euros, de los que 42.900 euros son una subvenci\u00f3n de la Uni\u00f3n Europea y 14.300 euros son una contribuci\u00f3n de la empresa. Las actividades del proyecto comenzaron el 17 de febrero de 2022 y finalizaron el 16 de febrero de 2023.<\/p>\n\n\n\n<p><strong>Ikarai, UAB est\u00e1 implementando un proyecto financiado en parte por la Uni\u00f3n Europea<\/strong><\/p>\n\n\n\n<p>Actualmente Ikarai, UAB est\u00e1 implementando el proyecto \u00abInversi\u00f3n en la creaci\u00f3n y aplicaci\u00f3n de la innovaci\u00f3n en el marketing y el dise\u00f1o de una compa\u00f1\u00eda\u00bb&nbsp; n\u00ba 13.1.1-LVPA-K-861-01-0276 financiado por la Uni\u00f3n Europea (en adelante, el Proyecto). Ikarai, UAB es un productor moderno de primera clase de fertilizantes l\u00edquidos.<\/p>\n\n\n\n<p>Actualmente, Ikarai, UAB produce productos basados en la tecnolog\u00eda de producci\u00f3n de fertilizantes de Ikar. Una de las tareas esenciales de Ikarai, UAB a corto y largo plazo es responder al r\u00e1pido desarrollo de las tendencias del mercado para la producci\u00f3n de fertilizantes. Para entrar en nuevos mercados de venta, Ikarai, UAB inici\u00f3 el proyecto \u201cInversiones en la creaci\u00f3n e implementaci\u00f3n de innovaciones en el marketing y el dise\u00f1o de la compa\u00f1\u00eda\u201d, durante el que la empresa planea crear un nuevo paquete \u00fanico de fertilizante l\u00edquido de 10 litros. La singularidad de este empaquetado permitir\u00e1 a la empresa llegar a nuevos mercados y aumentar la gama de productos de Ikar en un 30-35%.<\/p>\n\n\n\n<p>Este proyecto est\u00e1 cofinanciado por el Fondo Europeo de Desarrollo Regional como Prioridad 13 del Programa Operativo de Inversi\u00f3n de Fondos de la Uni\u00f3n Europea 2014-2020 \u201cPromover acciones para hacer frente a la crisis provocada por la pandemia de COVID-19 y preparar una recuperaci\u00f3n econ\u00f3mica respetuosa con el medio ambiente, digital y sostenible\u201d n\u00ba 13.1.1-LVPA-K-861, medida \u201cCreative Checks COVID-19\u201d. El valor total del proyecto es de 49.570 euros, de los que 37.177,5 euros son una subvenci\u00f3n de la Uni\u00f3n Europea y 12.392,5 euros son una contribuci\u00f3n de la propia empresa. Las actividades del proyecto comenzaron el 5 de enero de 2022 y finalizaron el 16 de diciembre de 2022.<\/p>\n\n\n\n<p><strong>Ikarai, UAB est\u00e1 implementando un proyecto financiado en parte por la Uni\u00f3n Europea<\/strong><\/p>\n\n\n\n<p>Actualmente Ikarai, UAB est\u00e1 implementando el proyecto \u00abInversiones en la producci\u00f3n de medidas necesarias para combatir la COVID-19\u00bb&nbsp; n\u00ba 03.3.1-LVPA-T-859-01-0045 financiado por la Uni\u00f3n Europea (en adelante, el Proyecto). Ikarai, UAB es un productor moderno de primera clase de fertilizantes l\u00edquidos. Actualmente, Ikarai, UAB produce productos basados en la tecnolog\u00eda de producci\u00f3n de fertilizantes de Ikar. Para modernizar la base de producci\u00f3n, fomentar innovaciones en la producci\u00f3n, aumentar la productividad laboral y la eficiencia de la calidad del producto, satisfacer las necesidades de los socios comerciales y del mercado y contribuir a la producci\u00f3n de productos para combatir la COVID-19, Ikar UAB inici\u00f3 el proyecto \u00abInversiones en la producci\u00f3n de las herramientas necesarias para combatir la COVID-19\u00bb, durante el que se comprar\u00e1 e implementar\u00e1 en los procesos de producci\u00f3n una tecnolog\u00eda moderna e innovadora para la producci\u00f3n y embotellado de desinfectantes, lo que permitir\u00e1 la producci\u00f3n de desinfectantes. Este proyecto est\u00e1 cofinanciado por el Fondo Europeo de Desarrollo Regional como Prioridad 3 del Programa Operativo de Inversi\u00f3n de Fondos de la Uni\u00f3n Europea 2014-2020 \u201cFomento de la competitividad de peque\u00f1as y medianas empresas\u201d n\u00ba 03.3.1-LVPA-T-859, medida \u201cCOVID-19 products LT\u201d. El valor total del proyecto es de 131.340,00 euros, de los que 124.773,00 euros son una subvenci\u00f3n de la Uni\u00f3n Europea y 6.567,00 euros son una contribuci\u00f3n de la propia empresa. Las actividades del proyecto comenzaron el 24 de febrero de 2021 y finalizaron el 8 de abril de 2021.<\/p>\n\n\n\n<p><strong>Ikarai, UAB est\u00e1 implementando un proyecto financiado en parte por la Uni\u00f3n Europea<\/strong><\/p>\n\n\n\n<p>Actualmente Ikarai UAB est\u00e1 implementando el proyecto financiado por la Uni\u00f3n Europea \u201cInversiones en la mejora de la internacionalizaci\u00f3n de la empresa mediante la exportaci\u00f3n de productos certificados\u201d n\u00ba 03.2.1-LVPA-K-802-04-0021 (en adelante, el \u00abProyecto\u00bb). La empresa, que lleva funcionando desde 2016, es un productor moderno de fertilizantes l\u00edquidos de prestigio internacional. Ikar Technologies es una empresa con un equipo de agr\u00f3nomos y soluciones tecnol\u00f3gicas profesionales de primer nivel para la producci\u00f3n de fertilizantes l\u00edquidos efectivos de formulaci\u00f3n \u00fanica.<\/p>\n\n\n\n<p>Para explotar al m\u00e1ximo su potencial e introducir productos nuevos en los mercados extranjeros, Ikarai UAB inicia un proyecto para fomentar la internacionalizaci\u00f3n y expansi\u00f3n de la empresa en los mercados extranjeros certificando y registrando los productos de la compa\u00f1\u00eda: fertilizantes l\u00edquidos. Los productos desarrollados por Ikarai UAB, cuyo registro y certificaci\u00f3n se prev\u00e9 en este proyecto, est\u00e1n caracterizados por su car\u00e1cter innovador y su alta calidad. Por lo tanto, para poder alcanzar una posici\u00f3n s\u00f3lida en los mercados africano y europeo y asegurar las ganancias por exportaci\u00f3n, el registro y la certificaci\u00f3n de los productos es obligatorio para garantizar la exportaci\u00f3n y la venta de estos productos en los correspondientes mercados. Al obtener los certificados y registros necesarios, la empresa diversificar\u00e1 sus mercados de exportaci\u00f3n, ampliar\u00e1 su negocio y reducir\u00e1 los riesgos vinculados a la implementaci\u00f3n de sus planes de expansi\u00f3n de las exportaciones a nivel internacional. Este proyecto est\u00e1 financiado en parte por el Fondo Europeo de Desarrollo Regional como instrumento \u201cExpo Certificate LT\u201d del Programa Operativo de Inversi\u00f3n de Fondos de la Uni\u00f3n Europea 2014-2020, prioridad 3, \u00abFomento de la competitividad de peque\u00f1as y medianas empresas\u00bb, n\u00ba 03.2.1-LVPA-K- 802. El valor total del proyecto es de 79.795,53 EUR, de los que 39.897,76 EUR son una subvenci\u00f3n<\/p>\n\n\n\n<p>De la Uni\u00f3n Europea y 39.897,77 es la contribuci\u00f3n de la propia compa\u00f1\u00eda. Las actividades del proyecto comenzaron el 19 de julio de 2022 y finalizaron el 31 de agosto de 2023.<\/p>\n","protected":false},"excerpt":{"rendered":"<p>Ikarai, UAB est\u00e1 implementando un proyecto financiado en parte por la Uni\u00f3n Europea Actualmente Ikarai, UAB est\u00e1 implementando el proyecto \u201cImplementaci\u00f3n de soluciones de comercio electr\u00f3nico para una gesti\u00f3n m\u00e1s eficiente de los procesos empresariales\u201d n\u00ba 13.1.1-LVPA-K-861-01-1051 financiado por la Uni\u00f3n Europea (en adelante, el Proyecto). Ikarai, UAB es un productor moderno de primera clase &hellip; <a href=\"https:\/\/ikarfactory.eu\/es\/inversion-de-la-ue\/\">Continued<\/a><\/p>\n","protected":false},"author":4,"featured_media":0,"parent":0,"menu_order":0,"comment_status":"closed","ping_status":"closed","template":"template-eu-investment.php","meta":{"_acf_changed":false,"footnotes":""},"class_list":["post-3158","page","type-page","status-publish","hentry"],"acf":[],"yoast_head":"<!-- This site is optimized with the Yoast SEO Premium plugin v26.5 (Yoast SEO v26.6) - https:\/\/yoast.com\/wordpress\/plugins\/seo\/ -->\n<title>Inversi\u00f3n de la UE - Ikar<\/title>\n<meta name=\"robots\" content=\"index, follow, max-snippet:-1, max-image-preview:large, max-video-preview:-1\" \/>\n<link rel=\"canonical\" href=\"https:\/\/ikarfactory.eu\/es\/inversion-de-la-ue\/\" \/>\n<meta property=\"og:locale\" content=\"es_ES\" \/>\n<meta property=\"og:type\" content=\"article\" \/>\n<meta property=\"og:title\" content=\"Inversi\u00f3n de la UE\" \/>\n<meta property=\"og:description\" content=\"Ikarai, UAB est\u00e1 implementando un proyecto financiado en parte por la Uni\u00f3n Europea Actualmente Ikarai, UAB est\u00e1 implementando el proyecto \u201cImplementaci\u00f3n de soluciones de comercio electr\u00f3nico para una gesti\u00f3n m\u00e1s eficiente de los procesos empresariales\u201d n\u00ba 13.1.1-LVPA-K-861-01-1051 financiado por la Uni\u00f3n Europea (en adelante, el Proyecto). Ikarai, UAB es un productor moderno de primera clase &hellip; Continued\" \/>\n<meta property=\"og:url\" content=\"https:\/\/ikarfactory.eu\/es\/inversion-de-la-ue\/\" \/>\n<meta property=\"og:site_name\" content=\"Ikar\" \/>\n<meta property=\"article:modified_time\" content=\"2023-09-13T14:03:42+00:00\" \/>\n<meta property=\"og:image\" content=\"https:\/\/ikarfactory.eu\/wp-content\/uploads\/2023\/01\/eu_logo-1024x323.png\" \/>\n<meta name=\"twitter:card\" content=\"summary_large_image\" \/>\n<meta name=\"twitter:label1\" content=\"Tiempo de lectura\" \/>\n\t<meta name=\"twitter:data1\" content=\"5 minutos\" \/>\n<script type=\"application\/ld+json\" class=\"yoast-schema-graph\">{\"@context\":\"https:\/\/schema.org\",\"@graph\":[{\"@type\":\"WebPage\",\"@id\":\"https:\/\/ikarfactory.eu\/es\/inversion-de-la-ue\/\",\"url\":\"https:\/\/ikarfactory.eu\/es\/inversion-de-la-ue\/\",\"name\":\"Inversi\u00f3n de la UE - Ikar\",\"isPartOf\":{\"@id\":\"https:\/\/ikarfactory.eu\/es\/#website\"},\"primaryImageOfPage\":{\"@id\":\"https:\/\/ikarfactory.eu\/es\/inversion-de-la-ue\/#primaryimage\"},\"image\":{\"@id\":\"https:\/\/ikarfactory.eu\/es\/inversion-de-la-ue\/#primaryimage\"},\"thumbnailUrl\":\"https:\/\/ikarfactory.eu\/wp-content\/uploads\/2023\/01\/eu_logo-1024x323.png\",\"datePublished\":\"2022-09-23T03:16:37+00:00\",\"dateModified\":\"2023-09-13T14:03:42+00:00\",\"breadcrumb\":{\"@id\":\"https:\/\/ikarfactory.eu\/es\/inversion-de-la-ue\/#breadcrumb\"},\"inLanguage\":\"es\",\"potentialAction\":[{\"@type\":\"ReadAction\",\"target\":[\"https:\/\/ikarfactory.eu\/es\/inversion-de-la-ue\/\"]}]},{\"@type\":\"ImageObject\",\"inLanguage\":\"es\",\"@id\":\"https:\/\/ikarfactory.eu\/es\/inversion-de-la-ue\/#primaryimage\",\"url\":\"https:\/\/ikarfactory.eu\/wp-content\/uploads\/2023\/01\/eu_logo-1024x323.png\",\"contentUrl\":\"https:\/\/ikarfactory.eu\/wp-content\/uploads\/2023\/01\/eu_logo-1024x323.png\"},{\"@type\":\"BreadcrumbList\",\"@id\":\"https:\/\/ikarfactory.eu\/es\/inversion-de-la-ue\/#breadcrumb\",\"itemListElement\":[{\"@type\":\"ListItem\",\"position\":1,\"name\":\"T\u00edtulo\",\"item\":\"https:\/\/ikarfactory.eu\/es\/\"},{\"@type\":\"ListItem\",\"position\":2,\"name\":\"Inversi\u00f3n de la UE\"}]},{\"@type\":\"WebSite\",\"@id\":\"https:\/\/ikarfactory.eu\/es\/#website\",\"url\":\"https:\/\/ikarfactory.eu\/es\/\",\"name\":\"Ikar\",\"description\":\"\",\"potentialAction\":[{\"@type\":\"SearchAction\",\"target\":{\"@type\":\"EntryPoint\",\"urlTemplate\":\"https:\/\/ikarfactory.eu\/es\/?s={search_term_string}\"},\"query-input\":{\"@type\":\"PropertyValueSpecification\",\"valueRequired\":true,\"valueName\":\"search_term_string\"}}],\"inLanguage\":\"es\"}]}<\/script>\n<!-- \/ Yoast SEO Premium plugin. -->","yoast_head_json":{"title":"Inversi\u00f3n de la UE - Ikar","robots":{"index":"index","follow":"follow","max-snippet":"max-snippet:-1","max-image-preview":"max-image-preview:large","max-video-preview":"max-video-preview:-1"},"canonical":"https:\/\/ikarfactory.eu\/es\/inversion-de-la-ue\/","og_locale":"es_ES","og_type":"article","og_title":"Inversi\u00f3n de la UE","og_description":"Ikarai, UAB est\u00e1 implementando un proyecto financiado en parte por la Uni\u00f3n Europea Actualmente Ikarai, UAB est\u00e1 implementando el proyecto \u201cImplementaci\u00f3n de soluciones de comercio electr\u00f3nico para una gesti\u00f3n m\u00e1s eficiente de los procesos empresariales\u201d n\u00ba 13.1.1-LVPA-K-861-01-1051 financiado por la Uni\u00f3n Europea (en adelante, el Proyecto). Ikarai, UAB es un productor moderno de primera clase &hellip; Continued","og_url":"https:\/\/ikarfactory.eu\/es\/inversion-de-la-ue\/","og_site_name":"Ikar","article_modified_time":"2023-09-13T14:03:42+00:00","og_image":[{"url":"https:\/\/ikarfactory.eu\/wp-content\/uploads\/2023\/01\/eu_logo-1024x323.png","type":"","width":"","height":""}],"twitter_card":"summary_large_image","twitter_misc":{"Tiempo de lectura":"5 minutos"},"schema":{"@context":"https:\/\/schema.org","@graph":[{"@type":"WebPage","@id":"https:\/\/ikarfactory.eu\/es\/inversion-de-la-ue\/","url":"https:\/\/ikarfactory.eu\/es\/inversion-de-la-ue\/","name":"Inversi\u00f3n de la UE - Ikar","isPartOf":{"@id":"https:\/\/ikarfactory.eu\/es\/#website"},"primaryImageOfPage":{"@id":"https:\/\/ikarfactory.eu\/es\/inversion-de-la-ue\/#primaryimage"},"image":{"@id":"https:\/\/ikarfactory.eu\/es\/inversion-de-la-ue\/#primaryimage"},"thumbnailUrl":"https:\/\/ikarfactory.eu\/wp-content\/uploads\/2023\/01\/eu_logo-1024x323.png","datePublished":"2022-09-23T03:16:37+00:00","dateModified":"2023-09-13T14:03:42+00:00","breadcrumb":{"@id":"https:\/\/ikarfactory.eu\/es\/inversion-de-la-ue\/#breadcrumb"},"inLanguage":"es","potentialAction":[{"@type":"ReadAction","target":["https:\/\/ikarfactory.eu\/es\/inversion-de-la-ue\/"]}]},{"@type":"ImageObject","inLanguage":"es","@id":"https:\/\/ikarfactory.eu\/es\/inversion-de-la-ue\/#primaryimage","url":"https:\/\/ikarfactory.eu\/wp-content\/uploads\/2023\/01\/eu_logo-1024x323.png","contentUrl":"https:\/\/ikarfactory.eu\/wp-content\/uploads\/2023\/01\/eu_logo-1024x323.png"},{"@type":"BreadcrumbList","@id":"https:\/\/ikarfactory.eu\/es\/inversion-de-la-ue\/#breadcrumb","itemListElement":[{"@type":"ListItem","position":1,"name":"T\u00edtulo","item":"https:\/\/ikarfactory.eu\/es\/"},{"@type":"ListItem","position":2,"name":"Inversi\u00f3n de la UE"}]},{"@type":"WebSite","@id":"https:\/\/ikarfactory.eu\/es\/#website","url":"https:\/\/ikarfactory.eu\/es\/","name":"Ikar","description":"","potentialAction":[{"@type":"SearchAction","target":{"@type":"EntryPoint","urlTemplate":"https:\/\/ikarfactory.eu\/es\/?s={search_term_string}"},"query-input":{"@type":"PropertyValueSpecification","valueRequired":true,"valueName":"search_term_string"}}],"inLanguage":"es"}]}},"_links":{"self":[{"href":"https:\/\/ikarfactory.eu\/es\/wp-json\/wp\/v2\/pages\/3158","targetHints":{"allow":["GET"]}}],"collection":[{"href":"https:\/\/ikarfactory.eu\/es\/wp-json\/wp\/v2\/pages"}],"about":[{"href":"https:\/\/ikarfactory.eu\/es\/wp-json\/wp\/v2\/types\/page"}],"author":[{"embeddable":true,"href":"https:\/\/ikarfactory.eu\/es\/wp-json\/wp\/v2\/users\/4"}],"replies":[{"embeddable":true,"href":"https:\/\/ikarfactory.eu\/es\/wp-json\/wp\/v2\/comments?post=3158"}],"version-history":[{"count":0,"href":"https:\/\/ikarfactory.eu\/es\/wp-json\/wp\/v2\/pages\/3158\/revisions"}],"wp:attachment":[{"href":"https:\/\/ikarfactory.eu\/es\/wp-json\/wp\/v2\/media?parent=3158"}],"curies":[{"name":"wp","href":"https:\/\/api.w.org\/{rel}","templated":true}]}}