{"id":3992,"date":"2022-09-23T06:16:37","date_gmt":"2022-09-23T03:16:37","guid":{"rendered":"https:\/\/ikarfactory.eu\/?page_id=3992"},"modified":"2023-12-18T19:59:58","modified_gmt":"2023-12-18T17:59:58","slug":"investissement-en-ue","status":"publish","type":"page","link":"https:\/\/ikarfactory.eu\/fr\/investissement-en-ue\/","title":{"rendered":"Investissement en UE\u00a0\u00a0"},"content":{"rendered":"\n<figure class=\"wp-block-image size-large is-resized\"><img decoding=\"async\" width=\"1024\" height=\"323\" src=\"https:\/\/ikarfactory.eu\/wp-content\/uploads\/2023\/01\/eu_logo-1024x323.png\" alt=\"\" class=\"wp-image-1069\" style=\"width:840px;height:auto\" srcset=\"https:\/\/ikarfactory.eu\/wp-content\/uploads\/2023\/01\/eu_logo-1024x323.png 1024w, https:\/\/ikarfactory.eu\/wp-content\/uploads\/2023\/01\/eu_logo-300x95.png 300w, https:\/\/ikarfactory.eu\/wp-content\/uploads\/2023\/01\/eu_logo-768x243.png 768w, https:\/\/ikarfactory.eu\/wp-content\/uploads\/2023\/01\/eu_logo-1536x485.png 1536w, https:\/\/ikarfactory.eu\/wp-content\/uploads\/2023\/01\/eu_logo-2048x647.png 2048w, https:\/\/ikarfactory.eu\/wp-content\/uploads\/2023\/01\/eu_logo-204x64.png 204w, https:\/\/ikarfactory.eu\/wp-content\/uploads\/2023\/01\/eu_logo-546x172.png 546w, https:\/\/ikarfactory.eu\/wp-content\/uploads\/2023\/01\/eu_logo-109x34.png 109w\" sizes=\"(max-width: 1024px) 100vw, 1024px\" \/><\/figure>\n\n\n\n<p><strong>Ikarai, UAB met en \u0153uvre un projet partiellement financ\u00e9 par l\u2019Union europ\u00e9enne<\/strong><\/p>\n\n\n\n<p>Ikarai, UAB met actuellement en \u0153uvre le projet \u00ab&nbsp;Mise en \u0153uvre de solutions de commerce \u00e9lectronique pour une gestion plus efficace des processus d\u2019affaires&nbsp;\u00bb financ\u00e9 par l\u2019Union europ\u00e9enne n\u00b0 13.1.1-LVPA-K-861-01-1051 (ci-apr\u00e8s le Projet).&nbsp; Ikarai, UAB est un fabricant moderne d\u2019engrais liquides de classe internationale. Les technologies Ikar sont des engrais liquides efficaces et uniques dans leurs formulations, gr\u00e2ce \u00e0 l\u2019une des meilleures \u00e9quipes d\u2019agronomes et des solutions technologiques professionnelles. En r\u00e9ponse \u00e0 la pand\u00e9mie de COVID-19 et dans le cadre du d\u00e9veloppement de la soci\u00e9t\u00e9, il a \u00e9t\u00e9 d\u00e9cid\u00e9 d\u2019initier la transformation num\u00e9rique de la soci\u00e9t\u00e9, de d\u00e9velopper la boutique en ligne et de mettre en \u0153uvre des int\u00e9grations avec les solutions \u00e9lectroniques disponibles. Il est \u00e0 noter qu\u2019avant le d\u00e9marrage du projet, la soci\u00e9t\u00e9 disposait de solutions \u00e9lectroniques tr\u00e8s limit\u00e9es et que la plupart des processus \u00e9taient g\u00e9r\u00e9s manuellement.&nbsp; L\u2019introduction d\u2019une nouvelle boutique en ligne avec des solutions int\u00e9gr\u00e9es nous permettra d\u2019\u00e9conomiser jusqu\u2019\u00e0 40&nbsp;% des co\u00fbts et du temps avec le travail non automatis\u00e9, d\u2019acc\u00e9l\u00e9rer les proc\u00e9dures commerciales traditionnelles et d\u2019atteindre une productivit\u00e9 plus \u00e9lev\u00e9e.<\/p>\n\n\n\n<p>La valeur totale du projet est de 57&nbsp;200,00 euros, dont 42&nbsp;900,00 euros de subvention de l\u2019Union europ\u00e9enne et 14&nbsp;300,00 euros de contribution propre de la soci\u00e9t\u00e9. Les activit\u00e9s du Projet ont d\u00e9but\u00e9 le 17 f\u00e9vrier 2022 et se sont achev\u00e9es le 16 f\u00e9vrier 2023.<\/p>\n\n\n\n<p><strong>Ikarai, UAB met en \u0153uvre un projet partiellement financ\u00e9 par l\u2019Union europ\u00e9enne<\/strong><\/p>\n\n\n\n<p>Ikarai, UAB met actuellement en \u0153uvre le projet financ\u00e9 par l\u2019Union europ\u00e9enne \u00ab&nbsp;Investissement dans la cr\u00e9ation et l\u2019application de la conception et de l\u2019innovation marketing d\u2019une entreprise&nbsp;\u00bb n\u00b013.1.1-LVPA-K-861-01-0276 (ci-apr\u00e8s d\u00e9nomm\u00e9 le Projet). Ikarai, UAB est un fabricant moderne d\u2019engrais liquides de classe internationale.<\/p>\n\n\n\n<p>Actuellement, Ikarai, UAB, fabrique des engrais bas\u00e9s sur la technologie de production d\u2019engrais Ikar. L\u2019une des activit\u00e9s essentielles d\u2019Ikarai, UAB, \u00e0 court et \u00e0 long terme, est de r\u00e9pondre aux tendances de d\u00e9veloppement rapide du march\u00e9 de la production d\u2019engrais. Pour p\u00e9n\u00e9trer de nouveaux march\u00e9s, Ikarai, UAB a lanc\u00e9 le projet \u00ab&nbsp;Investissement dans la cr\u00e9ation et l\u2019application de la conception et de l\u2019innovation marketing d\u2019une entreprise&nbsp;\u00bb, au cours duquel la soci\u00e9t\u00e9 envisage de cr\u00e9er un nouvel emballage unique d\u2019engrais liquide de 10 litres. Le caract\u00e8re unique de cet emballage permettra \u00e0 la soci\u00e9t\u00e9 d\u2019atteindre de nouveaux march\u00e9s et d\u2019augmenter la gamme de produits Ikar de 30 \u00e0 35&nbsp;%.<\/p>\n\n\n\n<p>Ce projet est cofinanc\u00e9 par le Fonds europ\u00e9en de d\u00e9veloppement r\u00e9gional dans le cadre de la priorit\u00e9 13 du Programme op\u00e9rationnel d\u2019investissement des fonds de l\u2019Union europ\u00e9enne 2014-2020 \u00ab&nbsp;Promouvoir et se pr\u00e9parer \u00e0 une crise provoqu\u00e9e par la pand\u00e9mie de COVID-19 pour une reprise \u00e9conomique verte, num\u00e9rique et durable&nbsp;\u00bb, mesure n\u00b013.1.1-LVPA-K-861 \u00ab&nbsp;Creative Checks COVID-19&nbsp;\u00bb.&nbsp; La valeur totale du projet est de 49&nbsp;570,00 euros, dont 37&nbsp;177,50 euros de subvention de l\u2019Union europ\u00e9enne et 12&nbsp;392,50 euros de contribution propre de la soci\u00e9t\u00e9. Les activit\u00e9s du Projet ont d\u00e9but\u00e9 le 05 janvier 2022 et se sont achev\u00e9es le 31 d\u00e9cembre 2022.<\/p>\n\n\n\n<p><strong>Ikarai, UAB met en \u0153uvre un projet partiellement financ\u00e9 par l\u2019Union europ\u00e9enne<\/strong><\/p>\n\n\n\n<p>Ikarai, UAB met actuellement en \u0153uvre le projet financ\u00e9 par l\u2019Union europ\u00e9enne \u00ab&nbsp;Investissements dans la production de mesures n\u00e9cessaires pour combattre le COVID-19&nbsp;\u00bb n\u00b003.3.1-LVPA-T-859-01-0045 (ci-apr\u00e8s d\u00e9nomm\u00e9 le Projet). Ikarai, UAB est un fabricant moderne d\u2019engrais liquides de classe internationale. Actuellement, Ikarai, UAB, fabrique des engrais bas\u00e9s sur la technologie de production d\u2019engrais Ikar. Pour moderniser la base de production, promouvoir les innovations dans la production, augmenter la productivit\u00e9 et l\u2019efficacit\u00e9 pour la qualit\u00e9 des produits, r\u00e9pondre aux besoins des partenaires commerciaux et du march\u00e9, et contribuer \u00e0 la production de produits pour lutter contre le COVID-19, Ikar UAB a lanc\u00e9 le projet \u00ab&nbsp;Investissements dans la production des outils n\u00e9cessaires pour combattre le COVID-19&nbsp;\u00bb, au cours duquel une technologie moderne et innovante pour la production et l\u2019embouteillage de d\u00e9sinfectants sera acquise et mise en \u0153uvre dans le processus de production, ce qui permettra la production de d\u00e9sinfectants. Ce projet est cofinanc\u00e9 par le Fonds europ\u00e9en de d\u00e9veloppement r\u00e9gional au titre de la priorit\u00e9 3 du Programme op\u00e9rationnel d\u2019investissement des fonds de l\u2019Union europ\u00e9enne 2014-2020 \u00ab&nbsp;Promouvoir la comp\u00e9titivit\u00e9 des petites et moyennes entreprises&nbsp;\u00bb, mesure n\u00b0 03.3.1-LVPA-T-859 \u00ab&nbsp;Produits COVID-19 LT&nbsp;\u00bb. La valeur totale du projet est de 131&nbsp;340,00 euros, dont 124&nbsp;773,00 euros de subvention de l\u2019Union europ\u00e9enne et 6&nbsp;567,00 euros de contribution propre de la soci\u00e9t\u00e9. Les activit\u00e9s du Projet ont d\u00e9but\u00e9 le 24 f\u00e9vrier 2021 et se sont achev\u00e9es le 08 avril 2021.<\/p>\n\n\n\n<p><strong>Ikarai, UAB met en \u0153uvre un projet partiellement financ\u00e9 par l\u2019Union europ\u00e9enne<\/strong><\/p>\n\n\n\n<p>Ikarai UAB met actuellement en \u0153uvre un projet financ\u00e9 par l\u2019Union europ\u00e9enne \u00ab&nbsp;Investissements visant \u00e0 renforcer l\u2019internationalisation de la soci\u00e9t\u00e9 en exportant des produits certifi\u00e9s&nbsp;\u00bb n\u00b003.2.1-LVPA-K-802-04-0021 (ci-apr\u00e8s d\u00e9nomm\u00e9 le Projet). La soci\u00e9t\u00e9, en activit\u00e9 depuis 2016, est un fabricant moderne d\u2019engrais liquides de renomm\u00e9e internationale. Ikar Technologies est une entreprise dot\u00e9e d\u2019une \u00e9quipe d\u2019agronomes de haut niveau avec des solutions technologiques professionnelles pour la production d\u2019engrais liquides efficaces et uniques dans leurs formulations.<\/p>\n\n\n\n<p>Afin d\u2019exploiter pleinement son potentiel et de lancer de nouveaux produits sur les march\u00e9s \u00e9trangers, Ikarai UAB lance un projet visant \u00e0 promouvoir l\u2019internationalisation et l\u2019expansion de la soci\u00e9t\u00e9 sur les march\u00e9s \u00e9trangers en certifiant et en enregistrant les engrais liquides produits par la soci\u00e9t\u00e9.&nbsp; Les produits d\u00e9velopp\u00e9s par Ikarai UAB, dont l\u2019enregistrement et la certification sont pr\u00e9vus dans ce Projet, se caract\u00e9risent par leur caract\u00e8re innovant et leur haute qualit\u00e9. Ainsi, afin de pouvoir prendre pied sur les march\u00e9s africains et europ\u00e9ens, et s\u00e9curiser les recettes \u00e0 l\u2019exportation, l\u2019enregistrement et la certification des produits sont obligatoires afin d\u2019assurer l\u2019exportation et la vente de ces produits sur les march\u00e9s concern\u00e9s. Avec les certifications et les enregistrements n\u00e9cessaires, la soci\u00e9t\u00e9 diversifiera ses march\u00e9s \u00e0 l\u2019export, d\u00e9veloppera son activit\u00e9 commerciale et r\u00e9duira les risques associ\u00e9s \u00e0 la mise en \u0153uvre de ses plans d\u2019expansion des exportations \u00e0 l\u2019\u00e9chelle internationale. Ce Projet est en partie financ\u00e9 par le Fonds europ\u00e9en de d\u00e9veloppement r\u00e9gional au titre de l\u2019instrument \u00ab&nbsp;Certification Export LT&nbsp;\u00bb du Programme op\u00e9rationnel d\u2019investissement des fonds de l\u2019Union europ\u00e9enne 2014-2020, priorit\u00e9 3 \u00ab&nbsp;Promotion de la comp\u00e9titivit\u00e9 des petites et moyennes entreprises&nbsp;\u00bb, n\u00b003.2.1-LVPA-K-802. La valeur totale du projet s\u2019\u00e9l\u00e8ve \u00e0 79&nbsp;795,53 euros, dont 39&nbsp;897,76 euros de subvention<\/p>\n\n\n\n<p>de l\u2019Union europ\u00e9enne et 39&nbsp;897,77 euros de contribution propre de la soci\u00e9t\u00e9. Les activit\u00e9s du Projet ont d\u00e9but\u00e9 le 19 juillet 2022 et se sont achev\u00e9es le 31 ao\u00fbt 2023.<\/p>\n\n\n\n<p><\/p>\n","protected":false},"excerpt":{"rendered":"<p>Ikarai, UAB met en \u0153uvre un projet partiellement financ\u00e9 par l\u2019Union europ\u00e9enne Ikarai, UAB met actuellement en \u0153uvre le projet \u00ab&nbsp;Mise en \u0153uvre de solutions de commerce \u00e9lectronique pour une gestion plus efficace des processus d\u2019affaires&nbsp;\u00bb financ\u00e9 par l\u2019Union europ\u00e9enne n\u00b0 13.1.1-LVPA-K-861-01-1051 (ci-apr\u00e8s le Projet).&nbsp; Ikarai, UAB est un fabricant moderne d\u2019engrais liquides de classe &hellip; <a href=\"https:\/\/ikarfactory.eu\/fr\/investissement-en-ue\/\">Continued<\/a><\/p>\n","protected":false},"author":4,"featured_media":0,"parent":0,"menu_order":0,"comment_status":"closed","ping_status":"closed","template":"template-eu-investment.php","meta":{"_acf_changed":false,"footnotes":""},"class_list":["post-3992","page","type-page","status-publish","hentry"],"acf":[],"yoast_head":"<!-- This site is optimized with the Yoast SEO Premium plugin v26.5 (Yoast SEO v26.6) - https:\/\/yoast.com\/wordpress\/plugins\/seo\/ -->\n<title>Investissement en UE\u00a0\u00a0 - Ikar<\/title>\n<meta name=\"robots\" content=\"index, follow, max-snippet:-1, max-image-preview:large, max-video-preview:-1\" \/>\n<link rel=\"canonical\" href=\"https:\/\/ikarfactory.eu\/fr\/investissement-en-ue\/\" \/>\n<meta property=\"og:locale\" content=\"fr_FR\" \/>\n<meta property=\"og:type\" content=\"article\" \/>\n<meta property=\"og:title\" content=\"Investissement en UE\u00a0\u00a0\" \/>\n<meta property=\"og:description\" content=\"Ikarai, UAB met en \u0153uvre un projet partiellement financ\u00e9 par l\u2019Union europ\u00e9enne Ikarai, UAB met actuellement en \u0153uvre le projet \u00ab&nbsp;Mise en \u0153uvre de solutions de commerce \u00e9lectronique pour une gestion plus efficace des processus d\u2019affaires&nbsp;\u00bb financ\u00e9 par l\u2019Union europ\u00e9enne n\u00b0 13.1.1-LVPA-K-861-01-1051 (ci-apr\u00e8s le Projet).&nbsp; Ikarai, UAB est un fabricant moderne d\u2019engrais liquides de classe &hellip; Continued\" \/>\n<meta property=\"og:url\" content=\"https:\/\/ikarfactory.eu\/fr\/investissement-en-ue\/\" \/>\n<meta property=\"og:site_name\" content=\"Ikar\" \/>\n<meta property=\"article:modified_time\" content=\"2023-12-18T17:59:58+00:00\" \/>\n<meta property=\"og:image\" content=\"https:\/\/ikarfactory.eu\/wp-content\/uploads\/2023\/01\/eu_logo-1024x323.png\" \/>\n<meta name=\"twitter:card\" content=\"summary_large_image\" \/>\n<meta name=\"twitter:label1\" content=\"Dur\u00e9e de lecture estim\u00e9e\" \/>\n\t<meta name=\"twitter:data1\" content=\"5 minutes\" \/>\n<script type=\"application\/ld+json\" class=\"yoast-schema-graph\">{\"@context\":\"https:\/\/schema.org\",\"@graph\":[{\"@type\":\"WebPage\",\"@id\":\"https:\/\/ikarfactory.eu\/fr\/investissement-en-ue\/\",\"url\":\"https:\/\/ikarfactory.eu\/fr\/investissement-en-ue\/\",\"name\":\"Investissement en UE\u00a0\u00a0 - Ikar\",\"isPartOf\":{\"@id\":\"https:\/\/ikarfactory.eu\/fr\/#website\"},\"primaryImageOfPage\":{\"@id\":\"https:\/\/ikarfactory.eu\/fr\/investissement-en-ue\/#primaryimage\"},\"image\":{\"@id\":\"https:\/\/ikarfactory.eu\/fr\/investissement-en-ue\/#primaryimage\"},\"thumbnailUrl\":\"https:\/\/ikarfactory.eu\/wp-content\/uploads\/2023\/01\/eu_logo-1024x323.png\",\"datePublished\":\"2022-09-23T03:16:37+00:00\",\"dateModified\":\"2023-12-18T17:59:58+00:00\",\"breadcrumb\":{\"@id\":\"https:\/\/ikarfactory.eu\/fr\/investissement-en-ue\/#breadcrumb\"},\"inLanguage\":\"fr-FR\",\"potentialAction\":[{\"@type\":\"ReadAction\",\"target\":[\"https:\/\/ikarfactory.eu\/fr\/investissement-en-ue\/\"]}]},{\"@type\":\"ImageObject\",\"inLanguage\":\"fr-FR\",\"@id\":\"https:\/\/ikarfactory.eu\/fr\/investissement-en-ue\/#primaryimage\",\"url\":\"https:\/\/ikarfactory.eu\/wp-content\/uploads\/2023\/01\/eu_logo-1024x323.png\",\"contentUrl\":\"https:\/\/ikarfactory.eu\/wp-content\/uploads\/2023\/01\/eu_logo-1024x323.png\"},{\"@type\":\"BreadcrumbList\",\"@id\":\"https:\/\/ikarfactory.eu\/fr\/investissement-en-ue\/#breadcrumb\",\"itemListElement\":[{\"@type\":\"ListItem\",\"position\":1,\"name\":\"Page d'accueil\",\"item\":\"https:\/\/ikarfactory.eu\/fr\/\"},{\"@type\":\"ListItem\",\"position\":2,\"name\":\"Investissement en UE\u00a0\u00a0\"}]},{\"@type\":\"WebSite\",\"@id\":\"https:\/\/ikarfactory.eu\/fr\/#website\",\"url\":\"https:\/\/ikarfactory.eu\/fr\/\",\"name\":\"Ikar\",\"description\":\"\",\"potentialAction\":[{\"@type\":\"SearchAction\",\"target\":{\"@type\":\"EntryPoint\",\"urlTemplate\":\"https:\/\/ikarfactory.eu\/fr\/?s={search_term_string}\"},\"query-input\":{\"@type\":\"PropertyValueSpecification\",\"valueRequired\":true,\"valueName\":\"search_term_string\"}}],\"inLanguage\":\"fr-FR\"}]}<\/script>\n<!-- \/ Yoast SEO Premium plugin. -->","yoast_head_json":{"title":"Investissement en UE\u00a0\u00a0 - Ikar","robots":{"index":"index","follow":"follow","max-snippet":"max-snippet:-1","max-image-preview":"max-image-preview:large","max-video-preview":"max-video-preview:-1"},"canonical":"https:\/\/ikarfactory.eu\/fr\/investissement-en-ue\/","og_locale":"fr_FR","og_type":"article","og_title":"Investissement en UE\u00a0\u00a0","og_description":"Ikarai, UAB met en \u0153uvre un projet partiellement financ\u00e9 par l\u2019Union europ\u00e9enne Ikarai, UAB met actuellement en \u0153uvre le projet \u00ab&nbsp;Mise en \u0153uvre de solutions de commerce \u00e9lectronique pour une gestion plus efficace des processus d\u2019affaires&nbsp;\u00bb financ\u00e9 par l\u2019Union europ\u00e9enne n\u00b0 13.1.1-LVPA-K-861-01-1051 (ci-apr\u00e8s le Projet).&nbsp; Ikarai, UAB est un fabricant moderne d\u2019engrais liquides de classe &hellip; Continued","og_url":"https:\/\/ikarfactory.eu\/fr\/investissement-en-ue\/","og_site_name":"Ikar","article_modified_time":"2023-12-18T17:59:58+00:00","og_image":[{"url":"https:\/\/ikarfactory.eu\/wp-content\/uploads\/2023\/01\/eu_logo-1024x323.png","type":"","width":"","height":""}],"twitter_card":"summary_large_image","twitter_misc":{"Dur\u00e9e de lecture estim\u00e9e":"5 minutes"},"schema":{"@context":"https:\/\/schema.org","@graph":[{"@type":"WebPage","@id":"https:\/\/ikarfactory.eu\/fr\/investissement-en-ue\/","url":"https:\/\/ikarfactory.eu\/fr\/investissement-en-ue\/","name":"Investissement en UE\u00a0\u00a0 - Ikar","isPartOf":{"@id":"https:\/\/ikarfactory.eu\/fr\/#website"},"primaryImageOfPage":{"@id":"https:\/\/ikarfactory.eu\/fr\/investissement-en-ue\/#primaryimage"},"image":{"@id":"https:\/\/ikarfactory.eu\/fr\/investissement-en-ue\/#primaryimage"},"thumbnailUrl":"https:\/\/ikarfactory.eu\/wp-content\/uploads\/2023\/01\/eu_logo-1024x323.png","datePublished":"2022-09-23T03:16:37+00:00","dateModified":"2023-12-18T17:59:58+00:00","breadcrumb":{"@id":"https:\/\/ikarfactory.eu\/fr\/investissement-en-ue\/#breadcrumb"},"inLanguage":"fr-FR","potentialAction":[{"@type":"ReadAction","target":["https:\/\/ikarfactory.eu\/fr\/investissement-en-ue\/"]}]},{"@type":"ImageObject","inLanguage":"fr-FR","@id":"https:\/\/ikarfactory.eu\/fr\/investissement-en-ue\/#primaryimage","url":"https:\/\/ikarfactory.eu\/wp-content\/uploads\/2023\/01\/eu_logo-1024x323.png","contentUrl":"https:\/\/ikarfactory.eu\/wp-content\/uploads\/2023\/01\/eu_logo-1024x323.png"},{"@type":"BreadcrumbList","@id":"https:\/\/ikarfactory.eu\/fr\/investissement-en-ue\/#breadcrumb","itemListElement":[{"@type":"ListItem","position":1,"name":"Page d'accueil","item":"https:\/\/ikarfactory.eu\/fr\/"},{"@type":"ListItem","position":2,"name":"Investissement en UE\u00a0\u00a0"}]},{"@type":"WebSite","@id":"https:\/\/ikarfactory.eu\/fr\/#website","url":"https:\/\/ikarfactory.eu\/fr\/","name":"Ikar","description":"","potentialAction":[{"@type":"SearchAction","target":{"@type":"EntryPoint","urlTemplate":"https:\/\/ikarfactory.eu\/fr\/?s={search_term_string}"},"query-input":{"@type":"PropertyValueSpecification","valueRequired":true,"valueName":"search_term_string"}}],"inLanguage":"fr-FR"}]}},"_links":{"self":[{"href":"https:\/\/ikarfactory.eu\/fr\/wp-json\/wp\/v2\/pages\/3992","targetHints":{"allow":["GET"]}}],"collection":[{"href":"https:\/\/ikarfactory.eu\/fr\/wp-json\/wp\/v2\/pages"}],"about":[{"href":"https:\/\/ikarfactory.eu\/fr\/wp-json\/wp\/v2\/types\/page"}],"author":[{"embeddable":true,"href":"https:\/\/ikarfactory.eu\/fr\/wp-json\/wp\/v2\/users\/4"}],"replies":[{"embeddable":true,"href":"https:\/\/ikarfactory.eu\/fr\/wp-json\/wp\/v2\/comments?post=3992"}],"version-history":[{"count":0,"href":"https:\/\/ikarfactory.eu\/fr\/wp-json\/wp\/v2\/pages\/3992\/revisions"}],"wp:attachment":[{"href":"https:\/\/ikarfactory.eu\/fr\/wp-json\/wp\/v2\/media?parent=3992"}],"curies":[{"name":"wp","href":"https:\/\/api.w.org\/{rel}","templated":true}]}}