{"id":2526,"date":"2022-09-23T06:16:37","date_gmt":"2022-09-23T03:16:37","guid":{"rendered":"https:\/\/ikarfactory.eu\/?page_id=2526"},"modified":"2023-08-29T18:04:59","modified_gmt":"2023-08-29T15:04:59","slug":"fondi-ue","status":"publish","type":"page","link":"https:\/\/ikarfactory.eu\/it\/fondi-ue\/","title":{"rendered":"Fondi UE"},"content":{"rendered":"\n<figure class=\"wp-block-image size-large\"><img decoding=\"async\" width=\"1024\" height=\"323\" src=\"https:\/\/ikarfactory.eu\/wp-content\/uploads\/2023\/01\/eu_logo-1024x323.png\" alt=\"\" class=\"wp-image-1069\" srcset=\"https:\/\/ikarfactory.eu\/wp-content\/uploads\/2023\/01\/eu_logo-1024x323.png 1024w, https:\/\/ikarfactory.eu\/wp-content\/uploads\/2023\/01\/eu_logo-300x95.png 300w, https:\/\/ikarfactory.eu\/wp-content\/uploads\/2023\/01\/eu_logo-768x243.png 768w, https:\/\/ikarfactory.eu\/wp-content\/uploads\/2023\/01\/eu_logo-1536x485.png 1536w, https:\/\/ikarfactory.eu\/wp-content\/uploads\/2023\/01\/eu_logo-2048x647.png 2048w, https:\/\/ikarfactory.eu\/wp-content\/uploads\/2023\/01\/eu_logo-204x64.png 204w, https:\/\/ikarfactory.eu\/wp-content\/uploads\/2023\/01\/eu_logo-546x172.png 546w, https:\/\/ikarfactory.eu\/wp-content\/uploads\/2023\/01\/eu_logo-109x34.png 109w\" sizes=\"(max-width: 1024px) 100vw, 1024px\" \/><\/figure>\n\n\n\n<p><strong>Ikarai UAB ha attuato un progetto parzialmente finanziato dall&#8217;Unione Europea<\/strong><\/p>\n\n\n\n<p>Ikarai UAB ha attuato il progetto &#8220;Implementazione di soluzioni e-commerce per una gestione pi\u00f9 efficiente dei business&#8221; finanziato dall&#8217;Unione Europea dal codice 13.1.1-LVPA-K-861-01-1051 (di seguito &#8220;il Progetto&#8221;). Ikarai UAB \u00e8 un punto di riferimento nella produzione di fertilizzanti liquidi su scala mondiale. Grazie alle sue tecnologie performanti, a un team che vanta i migliori agronomi e professionisti tecnici in circolazione, IKAR produce fertilizzanti liquidi unici nel loro genere. In risposta alla pandemia di COVID-19 e al piano di espansione dell&#8217;azienda, \u00e8 stata messa in atto una trasformazione digitale con l&#8217;apertura di un negozio online, in cui sono state integrate le tecnologie gi\u00e0 esistenti. Va notato che prima di iniziare il progetto, l&#8217;azienda disponeva di pochissime automazioni elettroniche e la maggior parte dei processi erano gestiti manualmente. L&#8217;apertura di un negozio online con automazioni ha consentito di abbattere costi e tempistiche del 40%, accelerando i consueti processi dell&#8217;attivit\u00e0 con una produttivit\u00e0 maggiore.<\/p>\n\n\n\n<p>Il valore complessivo del progetto ammontava a 57.200 \u20ac, di cui 42.900 \u20ac erano fondi europei e i restanti 14.300 \u20ac erano stati stanziati dall&#8217;azienda stessa. Le attivit\u00e0 del progetto sono iniziate il 17 febbraio 2022 e sono terminate il 16 febbraio 2023.<\/p>\n\n\n\n<p><\/p>\n\n\n\n<p><strong>Ikarai UAB ha attuato un progetto parzialmente finanziato dall&#8217;Unione Europea<\/strong><\/p>\n\n\n\n<p>Ikarai UAB ha attuato il progetto finanziato dall&#8217;Unione Europea &#8220;Investimenti nella creazione e implementazione di innovazioni comunicative e di design in azienda&#8221; dal codice 13.1.1-LVPA-K-861-01-0276 (di seguito &#8220;il Progetto&#8221;). Ikarai UAB \u00e8 un punto di riferimento nella produzione di fertilizzanti liquidi su scala mondiale.<\/p>\n\n\n\n<p>Attualmente, Ikarai UAB produce prodotti che si basano sulle tecnologie dei fertilizzanti IKAR. Una delle mansioni principali di Ikarai UAB, sia nel breve che nel lungo periodo, \u00e8 di rispondere rapidamente ai trend di mercato nella produzione di fertilizzanti. Per entrare a far parte dei nuovi mercati di vendita, Ikarai UAB ha avviato il progetto &#8220;Investimenti nella creazione e implementazione di innovazioni comunicative e di design in azienda&#8221;, durante il quale l&#8217;azienda ha pianificato di creare una nuova confezione con un fertilizzante liquido da 10 litri. L&#8217;unicit\u00e0 di questa confezione ha consentito all&#8217;azienda di entrare in nuovi mercati e aumentare l&#8217;assortimento dei prodotti IKAR del 30-35%.<\/p>\n\n\n\n<p>Questo progetto \u00e8 stato cofinanziato dal Fondo Europeo di Sviluppo Regionale con Priorit\u00e0 d&#8217;investimento 13 del Fondo europeo per gli investimenti strategici della programmazione 2014-2020 &#8220;Promozione e preparazione alla crisi causata dalla pandemia di COVID-19 per una ripresa economica green, digitale e sostenibile&#8221; dal codice della misura 13.1.1-LVPA-K-861 &#8220;Controllo creativo COVID-19&#8221;. Il valore complessivo del progetto ammontava a 49.570 \u20ac, di cui 37.177,50 \u20ac erano fondi europei e i restanti 12.392,50 \u20ac erano stati stanziati dall&#8217;azienda stessa. Le attivit\u00e0 del progetto sono iniziate il 5 gennaio 2022 e sono terminate il 31 dicembre 2022.<\/p>\n\n\n\n<p><\/p>\n\n\n\n<p><strong>Ikarai, UAB ha attuato un progetto parzialmente finanziato dall&#8217;Unione Europea<\/strong><\/p>\n\n\n\n<p>Ikarai, UAB ha attuato il progetto &#8220;Investimenti in misure atte a contrastare il COVID-19&#8221; finanziato dall&#8217;Unione Europea dal codice 03.3.1-LVPA-T-859-01-0045 (di seguito &#8220;il Progetto&#8221;). Ikarai, UAB \u00e8 un punto di riferimento nella produzione di fertilizzanti liquidi su scala mondiale. Attualmente, Ikarai UAB produce prodotti che si basano sulle tecnologie dei fertilizzanti IKAR. Al fine di modernizzare la produzione di base, portare innovazione nella produzione, aumentare la produttivit\u00e0 nel lavoro e il livello qualitativo dei prodotti, venire incontro alle esigenze dei soci commerciali e del mercato, nonch\u00e9 contribuire alla produzione di prodotti per contrastare il COVID-19, IKAR UAB decise di avviare il progetto &#8220;Investimenti nella produzione di strumentazione atta a contrastare il COVID-19&#8221;, durante il quale \u00e8 stata integrata una nuova tecnologia nel processo di produzione e imbottigliamento dei disinfettanti. Questo progetto \u00e8 stato cofinanziato dal Fondo Europeo di Sviluppo Regionale con Priorit\u00e0 d&#8217;investimento 3 del Fondo europeo per gli investimenti strategici della programmazione 2014-2020 &#8220;Promozione della concorrenza tra piccole e medie imprese&#8221; dal codice della misura 03.3.1-LVPA-T-859 &#8220;Prodotti lituani COVID-19&#8221;. Il valore complessivo del progetto ammontava a 131.340 \u20ac, di cui 124.773 \u20ac erano fondi europei e i restanti 6.567 \u20ac erano stati stanziati dall&#8217;azienda stessa. Le attivit\u00e0 del progetto sono iniziate il 24 febbraio 2021 e sono terminate l&#8217;8 aprile 2021.<\/p>\n\n\n\n<p><\/p>\n\n\n\n<p><strong>Ikarai, UAB sta attuando un progetto parzialmente finanziato dall&#8217;Unione Europea<\/strong><\/p>\n\n\n\n<p>Ikarai UAB sta attuando il progetto finanziato dall&#8217;Unione Europea &#8220;Investimenti nel miglioramento dell&#8217;internazionalizzazione dell&#8217;azienda nell&#8217;esportazione di prodotti certificati&#8221; dal codice 03.2.1-LVPA-K-802-04-0021 (di seguito &#8220;il Progetto&#8221;). L&#8217;azienda, che \u00e8 operativa dal 2016, \u00e8 un produttore di fertilizzanti liquidi riconosciuto in tutto il mondo. Con un team che vanta i migliori agronomi e professionisti tecnici in circolazione, IKAR produce fertilizzanti liquidi unici nel loro genere.<\/p>\n\n\n\n<p>Per sfruttare al meglio tutto il suo potenziale e immettere i nuovi prodotti nei mercati esteri, Ikarai UAB ha avviato un progetto volto alla promozione ed espansione dell&#8217;azienda nei mercati internazionali registrando e certificando i fertilizzanti liquidi di sua produzione. I prodotti sviluppati da Ikarai UAB, la registrazione e la certificazione previste da questo progetto si distinguono per il loro carattere innovativo e pregiato. Pertanto, al fine di ottenere un punto di appoggio nei mercati africani ed europei e assicurarsi profitti dalle esportazioni, la registrazione e certificazione dei prodotti \u00e8 obbligatoria. Questo per garantire l&#8217;avvenuta esportazione e vendita di tali prodotti nei mercati target. Per ottenere le necessarie certificazioni e registrazioni, l&#8217;azienda diversificher\u00e0 i mercati d&#8217;esportazione, amplier\u00e0 il proprio traffico commerciale e ridurr\u00e0 i rischi provenienti dall&#8217;implementazione di piani di esportazione internazionale. Questo progetto \u00e8 cofinanziato dal Fondo Europeo di Sviluppo Regionale all&#8217;interno del &#8220;Certificato per esportazione lituano&#8221; con Priorit\u00e0 d&#8217;investimento 3 del Fondo europeo per gli investimenti strategici della programmazione 2014-2020 &#8220;Promozione della concorrenza tra piccole e medie imprese&#8221; dal codice della misura 03.2.1-LVPA-K- 802. Il valore complessivo del progetto ammonta a 79.795,53 \u20ac, di cui 39.897,76 \u20ac sono fondi europei e i restanti 39.897,77 \u20ac sono stati stanziati dall&#8217;azienda stessa. Le attivit\u00e0 del progetto sono iniziate il 19 luglio 2022 e termineranno il 31 agosto 2023.<\/p>\n","protected":false},"excerpt":{"rendered":"<p>Ikarai UAB ha attuato un progetto parzialmente finanziato dall&#8217;Unione Europea Ikarai UAB ha attuato il progetto &#8220;Implementazione di soluzioni e-commerce per una gestione pi\u00f9 efficiente dei business&#8221; finanziato dall&#8217;Unione Europea dal codice 13.1.1-LVPA-K-861-01-1051 (di seguito &#8220;il Progetto&#8221;). Ikarai UAB \u00e8 un punto di riferimento nella produzione di fertilizzanti liquidi su scala mondiale. Grazie alle sue &hellip; <a href=\"https:\/\/ikarfactory.eu\/it\/fondi-ue\/\">Continued<\/a><\/p>\n","protected":false},"author":4,"featured_media":0,"parent":0,"menu_order":0,"comment_status":"closed","ping_status":"closed","template":"template-eu-investment.php","meta":{"_acf_changed":false,"footnotes":""},"class_list":["post-2526","page","type-page","status-publish","hentry"],"acf":[],"yoast_head":"<!-- This site is optimized with the Yoast SEO Premium plugin v26.5 (Yoast SEO v26.6) - https:\/\/yoast.com\/wordpress\/plugins\/seo\/ -->\n<title>Fondi UE - Ikar<\/title>\n<meta name=\"robots\" content=\"index, follow, max-snippet:-1, max-image-preview:large, max-video-preview:-1\" \/>\n<link rel=\"canonical\" href=\"https:\/\/ikarfactory.eu\/it\/fondi-ue\/\" \/>\n<meta property=\"og:locale\" content=\"it_IT\" \/>\n<meta property=\"og:type\" content=\"article\" \/>\n<meta property=\"og:title\" content=\"Fondi UE\" \/>\n<meta property=\"og:description\" content=\"Ikarai UAB ha attuato un progetto parzialmente finanziato dall&#8217;Unione Europea Ikarai UAB ha attuato il progetto &#8220;Implementazione di soluzioni e-commerce per una gestione pi\u00f9 efficiente dei business&#8221; finanziato dall&#8217;Unione Europea dal codice 13.1.1-LVPA-K-861-01-1051 (di seguito &#8220;il Progetto&#8221;). Ikarai UAB \u00e8 un punto di riferimento nella produzione di fertilizzanti liquidi su scala mondiale. Grazie alle sue &hellip; Continued\" \/>\n<meta property=\"og:url\" content=\"https:\/\/ikarfactory.eu\/it\/fondi-ue\/\" \/>\n<meta property=\"og:site_name\" content=\"Ikar\" \/>\n<meta property=\"article:modified_time\" content=\"2023-08-29T15:04:59+00:00\" \/>\n<meta property=\"og:image\" content=\"https:\/\/ikarfactory.eu\/wp-content\/uploads\/2023\/01\/eu_logo-1024x323.png\" \/>\n<meta name=\"twitter:card\" content=\"summary_large_image\" \/>\n<meta name=\"twitter:label1\" content=\"Tempo di lettura stimato\" \/>\n\t<meta name=\"twitter:data1\" content=\"5 minuti\" \/>\n<script type=\"application\/ld+json\" class=\"yoast-schema-graph\">{\"@context\":\"https:\/\/schema.org\",\"@graph\":[{\"@type\":\"WebPage\",\"@id\":\"https:\/\/ikarfactory.eu\/it\/fondi-ue\/\",\"url\":\"https:\/\/ikarfactory.eu\/it\/fondi-ue\/\",\"name\":\"Fondi UE - Ikar\",\"isPartOf\":{\"@id\":\"https:\/\/ikarfactory.eu\/it\/#website\"},\"primaryImageOfPage\":{\"@id\":\"https:\/\/ikarfactory.eu\/it\/fondi-ue\/#primaryimage\"},\"image\":{\"@id\":\"https:\/\/ikarfactory.eu\/it\/fondi-ue\/#primaryimage\"},\"thumbnailUrl\":\"https:\/\/ikarfactory.eu\/wp-content\/uploads\/2023\/01\/eu_logo-1024x323.png\",\"datePublished\":\"2022-09-23T03:16:37+00:00\",\"dateModified\":\"2023-08-29T15:04:59+00:00\",\"breadcrumb\":{\"@id\":\"https:\/\/ikarfactory.eu\/it\/fondi-ue\/#breadcrumb\"},\"inLanguage\":\"it-IT\",\"potentialAction\":[{\"@type\":\"ReadAction\",\"target\":[\"https:\/\/ikarfactory.eu\/it\/fondi-ue\/\"]}]},{\"@type\":\"ImageObject\",\"inLanguage\":\"it-IT\",\"@id\":\"https:\/\/ikarfactory.eu\/it\/fondi-ue\/#primaryimage\",\"url\":\"https:\/\/ikarfactory.eu\/wp-content\/uploads\/2023\/01\/eu_logo-1024x323.png\",\"contentUrl\":\"https:\/\/ikarfactory.eu\/wp-content\/uploads\/2023\/01\/eu_logo-1024x323.png\"},{\"@type\":\"BreadcrumbList\",\"@id\":\"https:\/\/ikarfactory.eu\/it\/fondi-ue\/#breadcrumb\",\"itemListElement\":[{\"@type\":\"ListItem\",\"position\":1,\"name\":\"Titolo\",\"item\":\"https:\/\/ikarfactory.eu\/it\/\"},{\"@type\":\"ListItem\",\"position\":2,\"name\":\"Fondi UE\"}]},{\"@type\":\"WebSite\",\"@id\":\"https:\/\/ikarfactory.eu\/it\/#website\",\"url\":\"https:\/\/ikarfactory.eu\/it\/\",\"name\":\"Ikar\",\"description\":\"\",\"potentialAction\":[{\"@type\":\"SearchAction\",\"target\":{\"@type\":\"EntryPoint\",\"urlTemplate\":\"https:\/\/ikarfactory.eu\/it\/?s={search_term_string}\"},\"query-input\":{\"@type\":\"PropertyValueSpecification\",\"valueRequired\":true,\"valueName\":\"search_term_string\"}}],\"inLanguage\":\"it-IT\"}]}<\/script>\n<!-- \/ Yoast SEO Premium plugin. -->","yoast_head_json":{"title":"Fondi UE - Ikar","robots":{"index":"index","follow":"follow","max-snippet":"max-snippet:-1","max-image-preview":"max-image-preview:large","max-video-preview":"max-video-preview:-1"},"canonical":"https:\/\/ikarfactory.eu\/it\/fondi-ue\/","og_locale":"it_IT","og_type":"article","og_title":"Fondi UE","og_description":"Ikarai UAB ha attuato un progetto parzialmente finanziato dall&#8217;Unione Europea Ikarai UAB ha attuato il progetto &#8220;Implementazione di soluzioni e-commerce per una gestione pi\u00f9 efficiente dei business&#8221; finanziato dall&#8217;Unione Europea dal codice 13.1.1-LVPA-K-861-01-1051 (di seguito &#8220;il Progetto&#8221;). Ikarai UAB \u00e8 un punto di riferimento nella produzione di fertilizzanti liquidi su scala mondiale. Grazie alle sue &hellip; Continued","og_url":"https:\/\/ikarfactory.eu\/it\/fondi-ue\/","og_site_name":"Ikar","article_modified_time":"2023-08-29T15:04:59+00:00","og_image":[{"url":"https:\/\/ikarfactory.eu\/wp-content\/uploads\/2023\/01\/eu_logo-1024x323.png","type":"","width":"","height":""}],"twitter_card":"summary_large_image","twitter_misc":{"Tempo di lettura stimato":"5 minuti"},"schema":{"@context":"https:\/\/schema.org","@graph":[{"@type":"WebPage","@id":"https:\/\/ikarfactory.eu\/it\/fondi-ue\/","url":"https:\/\/ikarfactory.eu\/it\/fondi-ue\/","name":"Fondi UE - Ikar","isPartOf":{"@id":"https:\/\/ikarfactory.eu\/it\/#website"},"primaryImageOfPage":{"@id":"https:\/\/ikarfactory.eu\/it\/fondi-ue\/#primaryimage"},"image":{"@id":"https:\/\/ikarfactory.eu\/it\/fondi-ue\/#primaryimage"},"thumbnailUrl":"https:\/\/ikarfactory.eu\/wp-content\/uploads\/2023\/01\/eu_logo-1024x323.png","datePublished":"2022-09-23T03:16:37+00:00","dateModified":"2023-08-29T15:04:59+00:00","breadcrumb":{"@id":"https:\/\/ikarfactory.eu\/it\/fondi-ue\/#breadcrumb"},"inLanguage":"it-IT","potentialAction":[{"@type":"ReadAction","target":["https:\/\/ikarfactory.eu\/it\/fondi-ue\/"]}]},{"@type":"ImageObject","inLanguage":"it-IT","@id":"https:\/\/ikarfactory.eu\/it\/fondi-ue\/#primaryimage","url":"https:\/\/ikarfactory.eu\/wp-content\/uploads\/2023\/01\/eu_logo-1024x323.png","contentUrl":"https:\/\/ikarfactory.eu\/wp-content\/uploads\/2023\/01\/eu_logo-1024x323.png"},{"@type":"BreadcrumbList","@id":"https:\/\/ikarfactory.eu\/it\/fondi-ue\/#breadcrumb","itemListElement":[{"@type":"ListItem","position":1,"name":"Titolo","item":"https:\/\/ikarfactory.eu\/it\/"},{"@type":"ListItem","position":2,"name":"Fondi UE"}]},{"@type":"WebSite","@id":"https:\/\/ikarfactory.eu\/it\/#website","url":"https:\/\/ikarfactory.eu\/it\/","name":"Ikar","description":"","potentialAction":[{"@type":"SearchAction","target":{"@type":"EntryPoint","urlTemplate":"https:\/\/ikarfactory.eu\/it\/?s={search_term_string}"},"query-input":{"@type":"PropertyValueSpecification","valueRequired":true,"valueName":"search_term_string"}}],"inLanguage":"it-IT"}]}},"_links":{"self":[{"href":"https:\/\/ikarfactory.eu\/it\/wp-json\/wp\/v2\/pages\/2526","targetHints":{"allow":["GET"]}}],"collection":[{"href":"https:\/\/ikarfactory.eu\/it\/wp-json\/wp\/v2\/pages"}],"about":[{"href":"https:\/\/ikarfactory.eu\/it\/wp-json\/wp\/v2\/types\/page"}],"author":[{"embeddable":true,"href":"https:\/\/ikarfactory.eu\/it\/wp-json\/wp\/v2\/users\/4"}],"replies":[{"embeddable":true,"href":"https:\/\/ikarfactory.eu\/it\/wp-json\/wp\/v2\/comments?post=2526"}],"version-history":[{"count":0,"href":"https:\/\/ikarfactory.eu\/it\/wp-json\/wp\/v2\/pages\/2526\/revisions"}],"wp:attachment":[{"href":"https:\/\/ikarfactory.eu\/it\/wp-json\/wp\/v2\/media?parent=2526"}],"curies":[{"name":"wp","href":"https:\/\/api.w.org\/{rel}","templated":true}]}}