{"id":543,"date":"2022-09-23T06:16:37","date_gmt":"2022-09-23T03:16:37","guid":{"rendered":"https:\/\/ikar.w-i.lt\/?page_id=543"},"modified":"2025-09-30T16:53:47","modified_gmt":"2025-09-30T13:53:47","slug":"eu-investicijos","status":"publish","type":"page","link":"https:\/\/ikarfactory.eu\/lt\/eu-investicijos\/","title":{"rendered":"EU investicijos"},"content":{"rendered":"\n<figure class=\"wp-block-image size-large\"><img decoding=\"async\" width=\"1024\" height=\"215\" src=\"https:\/\/ikarfactory.eu\/wp-content\/uploads\/2024\/07\/image-3-1024x215.png\" alt=\"\" class=\"wp-image-5064\" srcset=\"https:\/\/ikarfactory.eu\/wp-content\/uploads\/2024\/07\/image-3-1024x215.png 1024w, https:\/\/ikarfactory.eu\/wp-content\/uploads\/2024\/07\/image-3-300x63.png 300w, https:\/\/ikarfactory.eu\/wp-content\/uploads\/2024\/07\/image-3-768x161.png 768w, https:\/\/ikarfactory.eu\/wp-content\/uploads\/2024\/07\/image-3-1536x322.png 1536w, https:\/\/ikarfactory.eu\/wp-content\/uploads\/2024\/07\/image-3-2048x430.png 2048w, https:\/\/ikarfactory.eu\/wp-content\/uploads\/2024\/07\/image-3-204x43.png 204w, https:\/\/ikarfactory.eu\/wp-content\/uploads\/2024\/07\/image-3-546x115.png 546w, https:\/\/ikarfactory.eu\/wp-content\/uploads\/2024\/07\/image-3-109x23.png 109w\" sizes=\"(max-width: 1024px) 100vw, 1024px\" \/><\/figure>\n\n\n\n<p><strong>UAB \u201eIkarai\u201c \u012fgyvendina dalinai Europos S\u0105jungos l\u0117\u0161omis finansuojam\u0105 projekt\u0105<\/strong><\/p>\n\n\n\n<p>UAB \u201eIkarai\u201c \u0161iuo metu \u012fgyvendina bendrai su Europos S\u0105junga finansuojam\u0105 projekt\u0105 \u201eUAB \u201eIkarai\u201c eksporto rink\u0173 pl\u0117tra dalyvaujant parodose ir sertifikuojant produkcij\u0105\u201c Nr. 02-036-K-0023 (toliau \u2013 Projektas). Nuo 2016 m. veikianti \u012fmon\u0117 yra tarptautin\u0117s klas\u0117s modernus skyst\u0173 tr\u0105\u0161\u0173 gamintojas. Ikar technologijos \u2013 tai veiksmingos ir savo formule unikalios skystos tr\u0105\u0161os, viena geriausi\u0173 agronom\u0173 komanda bei profesional\u016bs technologiniai sprendimai.<\/p>\n\n\n\n<p>UAB \u201eIkarai\u201c siekdama pilnai i\u0161naudoti turim\u0105 potencial\u0105 ir naujus produktus pristatyti u\u017esienio rinkoms, inicijuoja Projekt\u0105, kurio metu numato skatinti \u012fmon\u0117s tarptauti\u0161kum\u0105 ir pl\u0117tr\u0105 \u012f u\u017esienio rinkas, dalyvaujant tarptautin\u0117se parodose bei sertifikuojant ir registruojant \u012fmon\u0117s gaminamus gaminius \u2013 skyst\u0105sias tr\u0105\u0161as. UAB \u201eIkarai\u201c kuriami produktai, kuri\u0173 registravimas ir sertifikavimas yra numatytas \u0161iame projekte, turi atitikti tarptautinius reikalavimus, b\u016bti sertifikuoti, registruoti ir gauti leidim\u0105 pristatyti rinkai bei eksportuoti \u012f u\u017esienio \u0161alis. Tod\u0117l norint \u012fsitvirtinti Azijos ir Ramiojo vandenyno rinkoje ir u\u017etikrinti nusimatytas eksporto pajamas, produkt\u0173 registravimas bei sertifikavimas yra privalomas, siekiant u\u017etikrinti \u0161i\u0173 produkt\u0173 eksport\u0105 ir pardavimus minimose rinkose. Be to Projekto metu numatoma sudalyvauti 8 tarptautin\u0117se parodose, pristatant parei\u0161k\u0117jo gaminam\u0105 pasi\u017eymin\u010di\u0105 savo inovatyvumu ir auk\u0161ta kokybe produkcij\u0105 ne tik Azijos ir Ramiojo vandenyno, bet ir Europos rinkoje. Gavus reikiamus sertifikatus ir registracijas bei dalyvaujant tarptautin\u0117se parodose pristatant u\u017esienio rinkoms gaminam\u0105 produkcij\u0105, \u012fmon\u0117 diversifikuos eksporto rinkas, i\u0161pl\u0117s prekybos apimtis ir suma\u017eins kylan\u010dias rizikas d\u0117l eksporto pl\u0117tros plan\u0173 \u012fgyvendinimo tarptautiniu mastu.<\/p>\n\n\n\n<p>Finansuojama pagal 2022\u20132030 met\u0173 pl\u0117tros programos valdytojos Lietuvos Respublikos ekonomikos ir inovacij\u0173 ministerijos ekonomikos transformacijos ir konkurencingumo pl\u0117tros programos pa\u017eangos priemon\u0117s \u201e\u012egyvendinti eksporto konkurencingumo augim\u0105 skatinan\u010dias priemones\u201c veiklos \u201eMV\u012e veiklos tarptauti\u0161kumo ir nauj\u0173 eksporto rink\u0173 identifikavimo veikl\u0173 skatinimas (Vidurio ir vakar\u0173 Lietuvos regionas)\u201c apra\u0161e bei Projekt\u0173 administravimo ir finansavimo taisykl\u0117se nustatytas s\u0105lygas ir tvark\u0105.<\/p>\n\n\n\n<p>Bendra projekto vert\u0117 \u2013 113.273,00 Eur.<\/p>\n\n\n\n<p>Finansuojama 2021\u20132027 met\u0173 ES fond\u0173 investicij\u0173 programos l\u0117\u0161omis \u2013 56.270,00 Eur.<\/p>\n\n\n\n<p>Parei\u0161k\u0117jo nuosavos l\u0117\u0161os \u2013 57.003,00 Eur.<\/p>\n\n\n\n<p>Projektas \u012fgyvendinamas nuo 2023 m. lapkri\u010dio 22 d. iki 2026 m. gruod\u017eio 16 d.<\/p>\n\n\n\n<figure class=\"wp-block-image size-large is-resized\"><img decoding=\"async\" width=\"1024\" height=\"512\" src=\"https:\/\/ikarfactory.eu\/wp-content\/uploads\/2023\/01\/ESFIVP-I-1-1024x512.jpg\" alt=\"\" class=\"wp-image-1072\" style=\"width:841px;height:auto\" srcset=\"https:\/\/ikarfactory.eu\/wp-content\/uploads\/2023\/01\/ESFIVP-I-1-1024x512.jpg 1024w, https:\/\/ikarfactory.eu\/wp-content\/uploads\/2023\/01\/ESFIVP-I-1-300x150.jpg 300w, https:\/\/ikarfactory.eu\/wp-content\/uploads\/2023\/01\/ESFIVP-I-1-768x384.jpg 768w, https:\/\/ikarfactory.eu\/wp-content\/uploads\/2023\/01\/ESFIVP-I-1-1536x768.jpg 1536w, https:\/\/ikarfactory.eu\/wp-content\/uploads\/2023\/01\/ESFIVP-I-1-2048x1024.jpg 2048w, https:\/\/ikarfactory.eu\/wp-content\/uploads\/2023\/01\/ESFIVP-I-1-204x102.jpg 204w, https:\/\/ikarfactory.eu\/wp-content\/uploads\/2023\/01\/ESFIVP-I-1-546x273.jpg 546w, https:\/\/ikarfactory.eu\/wp-content\/uploads\/2023\/01\/ESFIVP-I-1-109x55.jpg 109w\" sizes=\"(max-width: 1024px) 100vw, 1024px\" \/><\/figure>\n\n\n\n<div style=\"height:60px\" aria-hidden=\"true\" class=\"wp-block-spacer\"><\/div>\n\n\n\n<p><strong>UAB \u201eIkarai\u201c \u012fgyvendina dalinai Europos S\u0105jungos l\u0117\u0161omis finansuojam\u0105 projekt\u0105<\/strong><\/p>\n\n\n\n<p>UAB \u201eIkarai\u201c \u0161iuo metu \u012fgyvendina Europos&nbsp;S\u0105jungos finansuojam\u0105 projekt\u0105 \u201eE-komercijos sprendim\u0173 diegimas efektyvesniam verslo proces\u0173 valdymui\u201c Nr. 13.1.1-LVPA-K-861-01-1051 (toliau \u2013 Projektas). UAB \u201eIkarai\u201c \u2013 tarptautin\u0117s klas\u0117s modernus skyst\u0173 tr\u0105\u0161\u0173 gamintojas.&nbsp;IKAR technologijos \u2013 tai veiksmingos ir savo formule unikalios skystos tr\u0105\u0161os, viena geriausi\u0173 agronom\u0173 komanda bei profesional\u016bs technologiniai sprendimai. Reaguojant \u012f COVID-19 pandemij\u0105 ir planuojant \u012fmon\u0117s pl\u0117tr\u0105 buvo apsispr\u0119sta inicijuoti skaitmenin\u0119 \u012fmon\u0117s transformacij\u0105, i\u0161vystyti e-parduotuv\u0119 ir \u012fdiegti integracijas su turimais e-sprendimais. Pa\u017eym\u0117tina, jog prie\u0161 projekto inicijavim\u0105 \u012fmon\u0117 turi labai ribotus el. sprendimus ir dauguma proces\u0173 valdo rankiniu b\u016bdu. \u012ediegus nauj\u0105 e-parduotuv\u0119 su integruotais sprendimais leis sutaupyti iki 40 proc. \u012fmon\u0117s patiriam\u0173 ka\u0161t\u0173 ir darbo laiko neautomatizuotiems darbams, paspartinti \u012fprastinius verslo procesus ir pasiekti didesn\u012f darbo na\u0161um\u0105.<\/p>\n\n\n\n<p>Bendra projekto vert\u0117 siekia 57 200,00 eur\u0173, i\u0161 kuri\u0173 42 900,00 eur\u0173 sudaro Europos S\u0105jungos subsidija, o 14 300,00 eur\u0173 \u2013 \u012fmon\u0117s nuosavas ind\u0117lis. Projekto veiklos prad\u0117tos \u012fgyvendinti 2022 m. vasario m\u0117n. 17 d. ir bus u\u017ebaigtos 2023 m. vasario m\u0117n. 16 d.<\/p>\n\n\n\n<p>Projektas finansuojamas i\u0161 Europos regionin\u0117s pl\u0117tros fondo. Finansuojama kaip Europos S\u0105jungos atsako \u012f COVID-19 pandemij\u0105 priemon\u0117.<\/p>\n\n\n\n<div style=\"height:60px\" aria-hidden=\"true\" class=\"wp-block-spacer\"><\/div>\n\n\n\n<p><strong>UAB \u201eIkarai\u201c \u012fgyvendina dalinai Europos S\u0105jungos l\u0117\u0161omis finansuojam\u0105 projekt\u0105<\/strong><\/p>\n\n\n\n<p>UAB \u201eIkarai\u201c \u0161iuo metu \u012fgyvendina Europos S\u0105jungos finansuojam\u0105 projekt\u0105 \u201eInvesticijos \u012f dizaino ir rinkodaros inovacij\u0173 suk\u016brim\u0105 ir diegim\u0105 \u012fmon\u0117je\u201c Nr. 13.1.1-LVPA-K-861-01-0276 (toliau \u2013 Projektas). UAB \u201eIkarai\u201c\u2013 tarptautin\u0117s klas\u0117s modernus skyst\u0173 tr\u0105\u0161\u0173 gamintojas.<\/p>\n\n\n\n<p>\u0160iuo metu UAB \u201eIkarai\u201c gamina Ikar tr\u0105\u0161\u0173 gamybos technologija paremt\u0105 produkcij\u0105. Vienas svarbiausi\u0173 UAB \u201eIkarai\u201c u\u017edavini\u0173 tiek trumpalaik\u0117je, tiek ilgalaik\u0117je perspektyvoje \u2013 reagavimas \u012f spar\u010diai besivystan\u010dios tr\u0105\u0161\u0173 gamybos rinkos tendencijas. Siekdama \u012f\u017eengti \u012f naujas produkcijos pardavimo rinkas, UAB \u201eIkarai\u201c inicijavo projekt\u0105 \u201eInvesticijos \u012f dizaino ir rinkodaros inovacij\u0173 suk\u016brim\u0105 ir diegim\u0105 \u012fmon\u0117je\u201c, kurio metu \u012fmon\u0117 planuoja sukurti nauj\u0105, unikali\u0105 10 litr\u0173 skyst\u0173 tr\u0105\u0161\u0173 pakuot\u0119. \u0160ios pakuot\u0117s unikalumas leis \u012fmonei leis pasiekti naujas rinkas ir 30-35% padidins IKAR produkt\u0173 asortiment\u0105.<\/p>\n\n\n\n<p>\u0160is Projektas i\u0161 dalies finansuojamas Europos regionin\u0117s pl\u0117tros fondo l\u0117\u0161omis pagal 2014\u20132020 met\u0173 Europos S\u0105jungos fond\u0173 investicij\u0173 veiksm\u0173 programos 13 prioriteto \u201eVeiksm\u0173, skirt\u0173 COVID-19 pandemijos sukeltai krizei \u012fveikti, skatinimas ir pasirengimas aplink\u0105 tausojan\u010diam, skaitmeniniam ir tvariam ekonomikos atgaivinimui\u201c Nr. 13.1.1-LVPA-K-861 priemon\u0119 \u201eK\u016brybiniai \u010dekiai COVID-19\u201c. Bendra projekto vert\u0117 siekia 49.570,00 eur\u0173, i\u0161 kuri\u0173 37.177,50 eur\u0173 sudaro Europos S\u0105jungos subsidija, o 12.392,50 eur\u0173 \u2013 \u012fmon\u0117s nuosavas ind\u0117lis. Projekto veiklos prad\u0117tos \u012fgyvendinti 2022 m. sausio m\u0117n. 5 d. ir bus u\u017ebaigtos 2022 m. gruod\u017eio m\u0117n. 31 d.<\/p>\n\n\n\n<div style=\"height:60px\" aria-hidden=\"true\" class=\"wp-block-spacer\"><\/div>\n\n\n\n<p><strong>UAB \u201eIkarai\u201c \u012fgyvendina dalinai Europos S\u0105jungos l\u0117\u0161omis finansuojam\u0105 projekt\u0105<\/strong><\/p>\n\n\n\n<p>UAB \u201eIkarai\u201c \u0161iuo metu \u012fgyvendina Europos S\u0105jungos finansuojam\u0105 projekt\u0105 \u201eInvesticijos \u012f kovai su COVID-19 reikaling\u0173 priemoni\u0173 gamyb\u0105\u201c Nr. 03.3.1-LVPA-T-859-01-0045 (toliau \u2013 Projektas). UAB \u201eIkarai\u201c -tarptautin\u0117s klas\u0117s modernus skyst\u0173 tr\u0105\u0161\u0173 gamintojas. \u0160iuo metu UAB \u201eIkarai\u201c gamina Ikar tr\u0105\u0161\u0173 gamybos technologija paremt\u0105 produkcij\u0105. Siekdama modernizuoti gamybin\u0119 baz\u0119, skatinti inovacijas gamyboje, didinti darbo na\u0161um\u0105 ir efektyvum\u0105, produkcijos kokyb\u0119, patenkinti verslo partneri\u0173 ir rinkos poreikius bei prisid\u0117ti prie kovai su COVID-19 reikaling\u0173 produkt\u0173 gamybos, UAB \u201eIkarai\u201c inicijavo projekt\u0105 \u201eInvesticijos \u012f kovai su COVID-19 reikaling\u0173 priemoni\u0173 gamyb\u0105\u201c, kurio metu \u012fsigis ir gamybos procese \u012fdiegs moderni\u0105 ir inovatyvi\u0105 dezinfekavimo priemoni\u0173 gamybos-i\u0161pilstymo technologij\u0105, kuri leis pagaminti dezinfekavimo priemones. \u0160is Projektas i\u0161 dalies finansuojamas Europos regionin\u0117s pl\u0117tros fondo l\u0117\u0161omis pagal 2014\u20132020 met\u0173 Europos S\u0105jungos fond\u0173 investicij\u0173 veiksm\u0173 programos 3 prioriteto \u201eSmulkiojo ir vidutinio verslo konkurencingumo skatinimas\u201c Nr. 03.3.1-LVPA-T-859 priemon\u0119 \u201eCOVID-19 produktai LT\u201c. Bendra projekto vert\u0117 siekia 131.340,00 eur\u0173, i\u0161 kuri\u0173 124.773,00 eur\u0173 sudaro Europos S\u0105jungos subsidija, o 6.567,00 eur\u0173 \u2013 \u012fmon\u0117s nuosavas ind\u0117lis. Projekto veiklos prad\u0117tos \u012fgyvendinti 2021 m. vasario m\u0117n. 24 d. ir bus u\u017ebaigtos 2021 m. baland\u017eio m\u0117n. 8 d.<\/p>\n\n\n\n<div style=\"height:60px\" aria-hidden=\"true\" class=\"wp-block-spacer\"><\/div>\n\n\n\n<p><strong>UAB \u201eIkarai\u201c \u012fgyvendina dalinai Europos S\u0105jungos l\u0117\u0161omis finansuojam\u0105 projekt\u0105<\/strong><\/p>\n\n\n\n<p>UAB \u201eIkarai\u201c \u0161iuo metu \u012fgyvendina Europos S\u0105jungos finansuojam\u0105 projekt\u0105 \u201eInvesticijos \u012f \u012fmon\u0117s tarptauti\u0161kumo didinim\u0105 eksportuojant sertifikuotus produktus\u201c Nr. 03.2.1-LVPA-K-802-04-0021 (toliau \u2013 Projektas). Nuo 2016 m. veikianti \u012fmon\u0117 yra tarptautin\u0117s klas\u0117s modernus skyst\u0173 tr\u0105\u0161\u0173 gamintojas. Ikar technologijos \u2013 tai veiksmingos ir savo formule unikalios skystos tr\u0105\u0161os, viena geriausi\u0173 agronom\u0173 komanda bei profesional\u016bs technologiniai sprendimai.<\/p>\n\n\n\n<p>UAB \u201eIkarai\u201c siekdama pilnai i\u0161naudoti turim\u0105 potencial\u0105 ir naujus produktus pristatyti u\u017esienio rinkoms, inicijuoja Projekt\u0105, kurio metu numato skatinti \u012fmon\u0117s tarptauti\u0161kum\u0105 bei pl\u0117tr\u0105 \u012f u\u017esienio rinkas, sertifikuojant ir registruojant \u012fmon\u0117s gaminamus gaminius &#8211; skyst\u0105sias tr\u0105\u0161as. UAB \u201eIkarai\u201c kuriami produktai, kuri\u0173 registravimas ir sertifikavimas yra numatytas \u0161iame projekte, pasi\u017eymi savo inovatyvumu ir auk\u0161ta kokybe. Tod\u0117l norint \u012fsitvirtinti Afrikos ir Europos rinkoje ir u\u017etikrinti nusimatytas eksporto pajamas, produkt\u0173 registravimas bei sertifikavimas yra privalomas, siekiant u\u017etikrinti \u0161i\u0173 produkt\u0173 eksport\u0105 ir pardavimus minimose rinkose. Gavus reikiamus sertifikatus ir registracijas, \u012fmon\u0117 diversifikuos eksporto rinkas, i\u0161pl\u0117s prekybos apimtis ir suma\u017eins kylan\u010dias rizikas d\u0117l eksporto pl\u0117tros plan\u0173 \u012fgyvendinimo tarptautiniu mastu.<\/p>\n\n\n\n<p>\u0160is Projektas i\u0161 dalies finansuojamas Europos regionin\u0117s pl\u0117tros fondo l\u0117\u0161omis pagal 2014\u20132020 met\u0173 Europos S\u0105jungos fond\u0173 investicij\u0173 veiksm\u0173 programos 3 prioriteto \u201eSmulkiojo ir vidutinio verslo konkurencingumo skatinimas\u201c Nr. 03.2.1-LVPA-K-802 priemon\u0119 \u201eExpo sertifikatas LT\u201c. Bendra projekto vert\u0117 siekia 79.795,53 EUR, i\u0161 kuri\u0173 39.897,76 EUR sudaro Europos S\u0105jungos subsidija, o 39.897,77 EUR \u2013 \u012fmon\u0117s nuosavas ind\u0117lis. Projekto veiklos prad\u0117tos \u012fgyvendinti 2022 m. liepos m\u0117n. 19 d. ir bus u\u017ebaigtos 2023 m. rugpj\u016b\u010dio m\u0117n. 31 d.<\/p>\n\n\n\n<div style=\"height:60px\" aria-hidden=\"true\" class=\"wp-block-spacer\"><\/div>\n\n\n\n<div class=\"wp-block-media-text alignfull is-stacked-on-mobile is-vertically-aligned-center is-style-default\" style=\"grid-template-columns:20% auto\"><figure class=\"wp-block-media-text__media\"><img decoding=\"async\" width=\"240\" height=\"300\" src=\"https:\/\/ikarfactory.eu\/wp-content\/uploads\/2025\/09\/Untitled-design-7-240x300.png\" alt=\"\" class=\"wp-image-6941 size-medium\" srcset=\"https:\/\/ikarfactory.eu\/wp-content\/uploads\/2025\/09\/Untitled-design-7-240x300.png 240w, https:\/\/ikarfactory.eu\/wp-content\/uploads\/2025\/09\/Untitled-design-7-819x1024.png 819w, https:\/\/ikarfactory.eu\/wp-content\/uploads\/2025\/09\/Untitled-design-7-768x960.png 768w, https:\/\/ikarfactory.eu\/wp-content\/uploads\/2025\/09\/Untitled-design-7-163x204.png 163w, https:\/\/ikarfactory.eu\/wp-content\/uploads\/2025\/09\/Untitled-design-7-502x627.png 502w, https:\/\/ikarfactory.eu\/wp-content\/uploads\/2025\/09\/Untitled-design-7-109x136.png 109w, https:\/\/ikarfactory.eu\/wp-content\/uploads\/2025\/09\/Untitled-design-7.png 1080w\" sizes=\"(max-width: 240px) 100vw, 240px\" \/><\/figure><div class=\"wp-block-media-text__content\">\n<p>Galimyb\u0117 gauti param\u0105 i\u0161 jungtinio projekto \u201ePriva\u010di\u0173 elektromobili\u0173 \u012fkrovimo prieig\u0173 \u012frengimas\u201c pateikus parai\u0161k\u0105 Lietuvos energetikos agent\u016brai pagal paskelbt\u0105 kvietim\u0105 \u201eJuridini\u0173 asmen\u0173 priva\u010di\u0173 elektromobili\u0173 \u012fkrovimo prieig\u0173 \u012frengimas darboviet\u0117se\u201c paskatino UAB Ikarai suplanuoti elektromobilio \u012fkrovimo prieig\u0105 (-as).<\/p>\n\n\n\n<p>Jungtinio projekto projektas \u012fgyvendinamas pagal ekonomikos gaivinimo ir atsparumo didinimo plan\u0105 \u201eNaujos kartos Lietuva\u201c, finansuojam\u0105 Europos S\u0105jungos ekonomikos gaivinimo ir atsparumo didinimo priemon\u0117s \u201eNextGenerationEU\u201c l\u0117\u0161omis.<\/p>\n\n\n\n<p>#finansuojaEuroposS\u0105junga #NextGenerationEU #NaujosKartosLietuva<\/p>\n<\/div><\/div>\n","protected":false},"excerpt":{"rendered":"<p>UAB \u201eIkarai\u201c \u012fgyvendina dalinai Europos S\u0105jungos l\u0117\u0161omis finansuojam\u0105 projekt\u0105 UAB \u201eIkarai\u201c \u0161iuo metu \u012fgyvendina bendrai su Europos S\u0105junga finansuojam\u0105 projekt\u0105 \u201eUAB \u201eIkarai\u201c eksporto rink\u0173 pl\u0117tra dalyvaujant parodose ir sertifikuojant produkcij\u0105\u201c Nr. 02-036-K-0023 (toliau \u2013 Projektas). Nuo 2016 m. veikianti \u012fmon\u0117 yra tarptautin\u0117s klas\u0117s modernus skyst\u0173 tr\u0105\u0161\u0173 gamintojas. Ikar technologijos \u2013 tai veiksmingos ir savo formule &hellip; <a href=\"https:\/\/ikarfactory.eu\/lt\/eu-investicijos\/\">Continued<\/a><\/p>\n","protected":false},"author":5,"featured_media":0,"parent":0,"menu_order":0,"comment_status":"closed","ping_status":"closed","template":"template-eu-investment.php","meta":{"_acf_changed":false,"footnotes":""},"class_list":["post-543","page","type-page","status-publish","hentry"],"acf":[],"yoast_head":"<!-- This site is optimized with the Yoast SEO Premium plugin v26.5 (Yoast SEO v26.6) - https:\/\/yoast.com\/wordpress\/plugins\/seo\/ -->\n<title>EU investicijos - Ikar<\/title>\n<meta name=\"robots\" content=\"index, follow, max-snippet:-1, max-image-preview:large, max-video-preview:-1\" \/>\n<link rel=\"canonical\" href=\"https:\/\/ikarfactory.eu\/lt\/eu-investicijos\/\" \/>\n<meta property=\"og:locale\" content=\"lt_LT\" \/>\n<meta property=\"og:type\" content=\"article\" \/>\n<meta property=\"og:title\" content=\"EU investicijos\" \/>\n<meta property=\"og:description\" content=\"UAB \u201eIkarai\u201c \u012fgyvendina dalinai Europos S\u0105jungos l\u0117\u0161omis finansuojam\u0105 projekt\u0105 UAB \u201eIkarai\u201c \u0161iuo metu \u012fgyvendina bendrai su Europos S\u0105junga finansuojam\u0105 projekt\u0105 \u201eUAB \u201eIkarai\u201c eksporto rink\u0173 pl\u0117tra dalyvaujant parodose ir sertifikuojant produkcij\u0105\u201c Nr. 02-036-K-0023 (toliau \u2013 Projektas). Nuo 2016 m. veikianti \u012fmon\u0117 yra tarptautin\u0117s klas\u0117s modernus skyst\u0173 tr\u0105\u0161\u0173 gamintojas. Ikar technologijos \u2013 tai veiksmingos ir savo formule &hellip; Continued\" \/>\n<meta property=\"og:url\" content=\"https:\/\/ikarfactory.eu\/lt\/eu-investicijos\/\" \/>\n<meta property=\"og:site_name\" content=\"Ikar\" \/>\n<meta property=\"article:modified_time\" content=\"2025-09-30T13:53:47+00:00\" \/>\n<meta property=\"og:image\" content=\"https:\/\/ikarfactory.eu\/wp-content\/uploads\/2024\/07\/image-3.png\" \/>\n\t<meta property=\"og:image:width\" content=\"4247\" \/>\n\t<meta property=\"og:image:height\" content=\"891\" \/>\n\t<meta property=\"og:image:type\" content=\"image\/png\" \/>\n<meta name=\"twitter:card\" content=\"summary_large_image\" \/>\n<meta name=\"twitter:label1\" content=\"Est. reading time\" \/>\n\t<meta name=\"twitter:data1\" content=\"6 minut\u0117s\" \/>\n<script type=\"application\/ld+json\" class=\"yoast-schema-graph\">{\"@context\":\"https:\/\/schema.org\",\"@graph\":[{\"@type\":\"WebPage\",\"@id\":\"https:\/\/ikarfactory.eu\/lt\/eu-investicijos\/\",\"url\":\"https:\/\/ikarfactory.eu\/lt\/eu-investicijos\/\",\"name\":\"EU investicijos - Ikar\",\"isPartOf\":{\"@id\":\"https:\/\/ikarfactory.eu\/lt\/#website\"},\"primaryImageOfPage\":{\"@id\":\"https:\/\/ikarfactory.eu\/lt\/eu-investicijos\/#primaryimage\"},\"image\":{\"@id\":\"https:\/\/ikarfactory.eu\/lt\/eu-investicijos\/#primaryimage\"},\"thumbnailUrl\":\"https:\/\/ikarfactory.eu\/wp-content\/uploads\/2024\/07\/image-3-1024x215.png\",\"datePublished\":\"2022-09-23T03:16:37+00:00\",\"dateModified\":\"2025-09-30T13:53:47+00:00\",\"breadcrumb\":{\"@id\":\"https:\/\/ikarfactory.eu\/lt\/eu-investicijos\/#breadcrumb\"},\"inLanguage\":\"lt-LT\",\"potentialAction\":[{\"@type\":\"ReadAction\",\"target\":[\"https:\/\/ikarfactory.eu\/lt\/eu-investicijos\/\"]}]},{\"@type\":\"ImageObject\",\"inLanguage\":\"lt-LT\",\"@id\":\"https:\/\/ikarfactory.eu\/lt\/eu-investicijos\/#primaryimage\",\"url\":\"https:\/\/ikarfactory.eu\/wp-content\/uploads\/2024\/07\/image-3-1024x215.png\",\"contentUrl\":\"https:\/\/ikarfactory.eu\/wp-content\/uploads\/2024\/07\/image-3-1024x215.png\"},{\"@type\":\"BreadcrumbList\",\"@id\":\"https:\/\/ikarfactory.eu\/lt\/eu-investicijos\/#breadcrumb\",\"itemListElement\":[{\"@type\":\"ListItem\",\"position\":1,\"name\":\"Titulinis\",\"item\":\"https:\/\/ikarfactory.eu\/lt\/\"},{\"@type\":\"ListItem\",\"position\":2,\"name\":\"EU investicijos\"}]},{\"@type\":\"WebSite\",\"@id\":\"https:\/\/ikarfactory.eu\/lt\/#website\",\"url\":\"https:\/\/ikarfactory.eu\/lt\/\",\"name\":\"Ikar\",\"description\":\"\",\"potentialAction\":[{\"@type\":\"SearchAction\",\"target\":{\"@type\":\"EntryPoint\",\"urlTemplate\":\"https:\/\/ikarfactory.eu\/lt\/?s={search_term_string}\"},\"query-input\":{\"@type\":\"PropertyValueSpecification\",\"valueRequired\":true,\"valueName\":\"search_term_string\"}}],\"inLanguage\":\"lt-LT\"}]}<\/script>\n<!-- \/ Yoast SEO Premium plugin. -->","yoast_head_json":{"title":"EU investicijos - Ikar","robots":{"index":"index","follow":"follow","max-snippet":"max-snippet:-1","max-image-preview":"max-image-preview:large","max-video-preview":"max-video-preview:-1"},"canonical":"https:\/\/ikarfactory.eu\/lt\/eu-investicijos\/","og_locale":"lt_LT","og_type":"article","og_title":"EU investicijos","og_description":"UAB \u201eIkarai\u201c \u012fgyvendina dalinai Europos S\u0105jungos l\u0117\u0161omis finansuojam\u0105 projekt\u0105 UAB \u201eIkarai\u201c \u0161iuo metu \u012fgyvendina bendrai su Europos S\u0105junga finansuojam\u0105 projekt\u0105 \u201eUAB \u201eIkarai\u201c eksporto rink\u0173 pl\u0117tra dalyvaujant parodose ir sertifikuojant produkcij\u0105\u201c Nr. 02-036-K-0023 (toliau \u2013 Projektas). Nuo 2016 m. veikianti \u012fmon\u0117 yra tarptautin\u0117s klas\u0117s modernus skyst\u0173 tr\u0105\u0161\u0173 gamintojas. Ikar technologijos \u2013 tai veiksmingos ir savo formule &hellip; Continued","og_url":"https:\/\/ikarfactory.eu\/lt\/eu-investicijos\/","og_site_name":"Ikar","article_modified_time":"2025-09-30T13:53:47+00:00","og_image":[{"width":4247,"height":891,"url":"https:\/\/ikarfactory.eu\/wp-content\/uploads\/2024\/07\/image-3.png","type":"image\/png"}],"twitter_card":"summary_large_image","twitter_misc":{"Est. reading time":"6 minut\u0117s"},"schema":{"@context":"https:\/\/schema.org","@graph":[{"@type":"WebPage","@id":"https:\/\/ikarfactory.eu\/lt\/eu-investicijos\/","url":"https:\/\/ikarfactory.eu\/lt\/eu-investicijos\/","name":"EU investicijos - Ikar","isPartOf":{"@id":"https:\/\/ikarfactory.eu\/lt\/#website"},"primaryImageOfPage":{"@id":"https:\/\/ikarfactory.eu\/lt\/eu-investicijos\/#primaryimage"},"image":{"@id":"https:\/\/ikarfactory.eu\/lt\/eu-investicijos\/#primaryimage"},"thumbnailUrl":"https:\/\/ikarfactory.eu\/wp-content\/uploads\/2024\/07\/image-3-1024x215.png","datePublished":"2022-09-23T03:16:37+00:00","dateModified":"2025-09-30T13:53:47+00:00","breadcrumb":{"@id":"https:\/\/ikarfactory.eu\/lt\/eu-investicijos\/#breadcrumb"},"inLanguage":"lt-LT","potentialAction":[{"@type":"ReadAction","target":["https:\/\/ikarfactory.eu\/lt\/eu-investicijos\/"]}]},{"@type":"ImageObject","inLanguage":"lt-LT","@id":"https:\/\/ikarfactory.eu\/lt\/eu-investicijos\/#primaryimage","url":"https:\/\/ikarfactory.eu\/wp-content\/uploads\/2024\/07\/image-3-1024x215.png","contentUrl":"https:\/\/ikarfactory.eu\/wp-content\/uploads\/2024\/07\/image-3-1024x215.png"},{"@type":"BreadcrumbList","@id":"https:\/\/ikarfactory.eu\/lt\/eu-investicijos\/#breadcrumb","itemListElement":[{"@type":"ListItem","position":1,"name":"Titulinis","item":"https:\/\/ikarfactory.eu\/lt\/"},{"@type":"ListItem","position":2,"name":"EU investicijos"}]},{"@type":"WebSite","@id":"https:\/\/ikarfactory.eu\/lt\/#website","url":"https:\/\/ikarfactory.eu\/lt\/","name":"Ikar","description":"","potentialAction":[{"@type":"SearchAction","target":{"@type":"EntryPoint","urlTemplate":"https:\/\/ikarfactory.eu\/lt\/?s={search_term_string}"},"query-input":{"@type":"PropertyValueSpecification","valueRequired":true,"valueName":"search_term_string"}}],"inLanguage":"lt-LT"}]}},"_links":{"self":[{"href":"https:\/\/ikarfactory.eu\/lt\/wp-json\/wp\/v2\/pages\/543","targetHints":{"allow":["GET"]}}],"collection":[{"href":"https:\/\/ikarfactory.eu\/lt\/wp-json\/wp\/v2\/pages"}],"about":[{"href":"https:\/\/ikarfactory.eu\/lt\/wp-json\/wp\/v2\/types\/page"}],"author":[{"embeddable":true,"href":"https:\/\/ikarfactory.eu\/lt\/wp-json\/wp\/v2\/users\/5"}],"replies":[{"embeddable":true,"href":"https:\/\/ikarfactory.eu\/lt\/wp-json\/wp\/v2\/comments?post=543"}],"version-history":[{"count":0,"href":"https:\/\/ikarfactory.eu\/lt\/wp-json\/wp\/v2\/pages\/543\/revisions"}],"wp:attachment":[{"href":"https:\/\/ikarfactory.eu\/lt\/wp-json\/wp\/v2\/media?parent=543"}],"curies":[{"name":"wp","href":"https:\/\/api.w.org\/{rel}","templated":true}]}}